{"id":8671,"date":"2024-08-01T16:40:32","date_gmt":"2024-08-01T14:40:32","guid":{"rendered":"https:\/\/www.sbim-stlouis.org\/?page_id=8671"},"modified":"2026-04-14T17:39:23","modified_gmt":"2026-04-14T15:39:23","slug":"seminaires","status":"publish","type":"page","link":"https:\/\/www.sbim-stlouis.org\/index.php\/seminaires\/","title":{"rendered":"S\u00e9minaires"},"content":{"rendered":"\t\t<div data-elementor-type=\"wp-page\" data-elementor-id=\"8671\" class=\"elementor elementor-8671\">\n\t\t\t\t<div class=\"elementor-element elementor-element-d78120a e-flex e-con-boxed e-con e-parent\" data-id=\"d78120a\" data-element_type=\"container\" data-e-type=\"container\">\n\t\t\t\t\t<div class=\"e-con-inner\">\n\t\t\t\t\t<\/div>\n\t\t\t\t<\/div>\n\t\t<div class=\"elementor-element elementor-element-604d1f8 e-flex e-con-boxed e-con e-parent\" data-id=\"604d1f8\" data-element_type=\"container\" data-e-type=\"container\">\n\t\t\t\t\t<div class=\"e-con-inner\">\n\t\t\t\t<div class=\"elementor-element elementor-element-dbe672d elementor-widget elementor-widget-text-editor\" data-id=\"dbe672d\" data-element_type=\"widget\" data-e-type=\"widget\" data-widget_type=\"text-editor.default\">\n\t\t\t\t<div class=\"elementor-widget-container\">\n\t\t\t\t\t\t\t\t\t<p>\n<table id=\"tablepress-50\" class=\"tablepress tablepress-id-50\">\n<thead>\n<tr class=\"row-1\">\n\t<th class=\"column-1\"><em><strong>Sujet<\/strong><\/em><\/th><th class=\"column-2\"><strong>Intervenant<\/strong><\/th><th class=\"column-3\"><strong>Date<\/strong><\/th>\n<\/tr>\n<\/thead>\n<tbody class=\"row-striping row-hover\">\n<tr class=\"row-2\">\n\t<td class=\"column-1\"><em>ISCB : Borrowing information in basket trials with different clinical outcomes via a common intermediate outcome (Svetlana Cherlin)<\/em><\/td><td class=\"column-2\">Jan Meyring<\/td><td class=\"column-3\">4\/24\/2026<\/td>\n<\/tr>\n<tr class=\"row-3\">\n\t<td class=\"column-1\"><em>moo-CTGAN: synthetic data generation for clinical trial<\/em><\/td><td class=\"column-2\">Olivier Supplisson<\/td><td class=\"column-3\">5\/29\/2026<\/td>\n<\/tr>\n<tr class=\"row-4\">\n\t<td class=\"column-1\"><\/td><td class=\"column-2\">Lo\u00efc Vasseur<\/td><td class=\"column-3\">6\/12\/2026<\/td>\n<\/tr>\n<tr class=\"row-5\">\n\t<td class=\"column-1\"><em>ISCB : Quantifying the Clinical Usefulness of Novel Biomarkers and Tests: Beyond Traditional Statistics. (Frank Doornkamp)<\/em><\/td><td class=\"column-2\">Laurent Renard-Trich\u00e9<\/td><td class=\"column-3\">6\/26\/2026<\/td>\n<\/tr>\n<\/tbody>\n<\/table>\n<!-- #tablepress-50 from cache --><\/p>\t\t\t\t\t\t\t\t<\/div>\n\t\t\t\t<\/div>\n\t\t\t\t\t<\/div>\n\t\t\t\t<\/div>\n\t\t<div class=\"elementor-element elementor-element-801ed90 e-flex e-con-boxed e-con e-parent\" data-id=\"801ed90\" data-element_type=\"container\" data-e-type=\"container\">\n\t\t\t\t\t<div class=\"e-con-inner\">\n\t\t\t\t<div class=\"elementor-element elementor-element-5021dda elementor-widget elementor-widget-text-editor\" data-id=\"5021dda\" data-element_type=\"widget\" data-e-type=\"widget\" data-widget_type=\"text-editor.default\">\n\t\t\t\t<div class=\"elementor-widget-container\">\n\t\t\t\t\t\t\t\t\t<h2 style=\"text-align: center;\"><em><strong>Les s\u00e9minaires pass\u00e9s\u00a0<\/strong><\/em><\/h2>\t\t\t\t\t\t\t\t<\/div>\n\t\t\t\t<\/div>\n\t\t\t\t\t<\/div>\n\t\t\t\t<\/div>\n\t\t<div class=\"elementor-element elementor-element-1cda0cc e-flex e-con-boxed e-con e-parent\" data-id=\"1cda0cc\" data-element_type=\"container\" data-e-type=\"container\">\n\t\t\t\t\t<div class=\"e-con-inner\">\n\t\t\t\t<div class=\"elementor-element elementor-element-5a895a3 elementor-widget elementor-widget-text-editor\" data-id=\"5a895a3\" data-element_type=\"widget\" data-e-type=\"widget\" data-widget_type=\"text-editor.default\">\n\t\t\t\t<div class=\"elementor-widget-container\">\n\t\t\t\t\t\t\t\t\t<p>\n<table id=\"tablepress-52\" class=\"tablepress tablepress-id-52\">\n<thead>\n<tr class=\"row-1\">\n\t<th class=\"column-1\"><em><strong>Sujet<\/strong><\/em><\/th><th class=\"column-2\"><strong>Intervenant<\/strong><\/th><th class=\"column-3\"><strong>Date format\u00e9e<\/strong><\/th>\n<\/tr>\n<\/thead>\n<tbody class=\"row-striping row-hover\">\n<tr class=\"row-2\">\n\t<td class=\"column-1\"><em>Evaluating virtual-control-augmented trials for reproducing treatment effect from original RCTs<\/em><\/td><td class=\"column-2\">Alex Fernandes<\/td><td class=\"column-3\">2026\/10\/4<\/td>\n<\/tr>\n<tr class=\"row-3\">\n\t<td class=\"column-1\"><em>ISCB : Extended multi-stage drop-the-losers design for multi-arm clinical trials using binary and survival endpoints (Pierre Colin)<\/em><\/td><td class=\"column-2\">Guillaume Mulier<\/td><td class=\"column-3\">2026\/3\/27<\/td>\n<\/tr>\n<tr class=\"row-4\">\n\t<td class=\"column-1\"><em>ISCB : Exploring synthetic control data quality between data types in two case studies: COVID-19 and Crohn&#8217;s disease (Nicole Ann Cizauskas)<\/em><\/td><td class=\"column-2\">Matylde Diouf<\/td><td class=\"column-3\">2026\/3\/13<\/td>\n<\/tr>\n<tr class=\"row-5\">\n\t<td class=\"column-1\"><em>ISCB : Doubly robust augmented entropy balancing for externally controlled clinical trials and indirect treatment comparisons (Antonio Remiro-Azocar)<\/em><\/td><td class=\"column-2\">Florian Chatelet<\/td><td class=\"column-3\">2026\/2\/27<\/td>\n<\/tr>\n<tr class=\"row-6\">\n\t<td class=\"column-1\"><em>Mod\u00e9lisation bay\u00e9sienne de la RMST au cours du temps<\/em><\/td><td class=\"column-2\">L\u00e9a Orsini<\/td><td class=\"column-3\">2026\/2\/13<\/td>\n<\/tr>\n<tr class=\"row-7\">\n\t<td class=\"column-1\"><em>M\u00e9thodes statistiques pour \u00e9valuer s\u00e9quentiellement des lignes de traitement en canc\u00e9rologie en utilisant le patient comme son propre t\u00e9moin<\/em><\/td><td class=\"column-2\">Derek Dinart<\/td><td class=\"column-3\">2026\/1\/30<\/td>\n<\/tr>\n<tr class=\"row-8\">\n\t<td class=\"column-1\"><em>An evaluation of natural language processing models for enhancing health data collection from medical litt\u00e9rature<\/em><\/td><td class=\"column-2\">Jules Descamps<\/td><td class=\"column-3\">2026\/1\/16<\/td>\n<\/tr>\n<tr class=\"row-9\">\n\t<td class=\"column-1\"><em>Extending Generalized pairwise comparisons to 3-arm randomized trial<\/em><\/td><td class=\"column-2\">Sol\u00e8ne Pandevant<\/td><td class=\"column-3\">2025\/12\/12<\/td>\n<\/tr>\n<tr class=\"row-10\">\n\t<td class=\"column-1\"><em>Generalized pairwise comparisons<\/em><\/td><td class=\"column-2\">Marc Buyse<\/td><td class=\"column-3\">2025\/11\/28<\/td>\n<\/tr>\n<tr class=\"row-11\">\n\t<td class=\"column-1\">Population-Adjusted Indirect Comparisons: methodological review &amp; simulation-based assessment of robustness<\/td><td class=\"column-2\">Arnaud Serret Larmande<\/td><td class=\"column-3\">2025\/11\/14<\/td>\n<\/tr>\n<tr class=\"row-12\">\n\t<td class=\"column-1\"><em>ISCB : Discussion on the use of Hazard Ratios (Jan Beyersmann)<\/em><\/td><td class=\"column-2\">Roxane Couturier<\/td><td class=\"column-3\">2025\/9\/10<\/td>\n<\/tr>\n<tr class=\"row-13\">\n\t<td class=\"column-1\"><em>Requetage automatique des protocoles d&#8217;essais cliniques (stage M2)<\/em><\/td><td class=\"column-2\">Loris Dematini<\/td><td class=\"column-3\">2026\/7\/4<\/td>\n<\/tr>\n<tr class=\"row-14\">\n\t<td class=\"column-1\"><em>Bibliographie sur les analyses en sous-groupes dans les essais de phase I\/II<\/em><\/td><td class=\"column-2\">Jan Meyring<\/td><td class=\"column-3\">2026\/6\/27<\/td>\n<\/tr>\n<tr class=\"row-15\">\n\t<td class=\"column-1\"><em>Introduction aux LLM<\/em><\/td><td class=\"column-2\">Xavier Tannier<\/td><td class=\"column-3\">2026\/5\/23<\/td>\n<\/tr>\n<tr class=\"row-16\">\n\t<td class=\"column-1\"><em>Use of real-world external controls in indirect comparisons for<br \/>\nsingle-arm drug trials: a systematic review<br \/>\n<\/em><\/td><td class=\"column-2\">Matylde Diouf<\/td><td class=\"column-3\">2026\/4\/24<\/td>\n<\/tr>\n<tr class=\"row-17\">\n\t<td class=\"column-1\"><em>HAS Automatisation du receuil des IQSS sur les AVC \u00e0 partir de l&#8217;EDS<\/em><\/td><td class=\"column-2\">Matthieu Doutreligne<\/td><td class=\"column-3\">2026\/3\/28<\/td>\n<\/tr>\n<tr class=\"row-18\">\n\t<td class=\"column-1\"><em>ISCB 2024 Group sequential designs for generalised pairwise comparisons (Stephan Schuurhuis)<\/em><\/td><td class=\"column-2\">Guillaume Mulier<\/td><td class=\"column-3\">2026\/3\/14<\/td>\n<\/tr>\n<tr class=\"row-19\">\n\t<td class=\"column-1\"><span style=\"color:#212121;\">Influence des d\u00e9terminants humains et organisationnels sur les r\u00e9sultats des chirurgiens<\/span><\/td><td class=\"column-2\">Antoine Duclos<\/td><td class=\"column-3\">2026\/2\/28<\/td>\n<\/tr>\n<tr class=\"row-20\">\n\t<td class=\"column-1\"><em><\/em><\/td><td class=\"column-2\">Roxanne Couturier<\/td><td class=\"column-3\">2026\/2\/14<\/td>\n<\/tr>\n<tr class=\"row-21\">\n\t<td class=\"column-1\">Generalized Pairwise Comparisons. A statistical approach to patient-centric medicine<\/td><td class=\"column-2\">Julien Peron<\/td><td class=\"column-3\">2026\/1\/31<\/td>\n<\/tr>\n<tr class=\"row-22\">\n\t<td class=\"column-1\"><em>IRA post-h\u00e9morragie du post-partum (EDS)<\/em><\/td><td class=\"column-2\">Olivier Hassanaly<\/td><td class=\"column-3\">2026\/1\/10<\/td>\n<\/tr>\n<tr class=\"row-23\">\n\t<td class=\"column-1\"><em>Pr\u00e9sentation des effets ind\u00e9sirables dans les essais randomis\u00e9s<\/em><\/td><td class=\"column-2\">Eric Frison<\/td><td class=\"column-3\">2026\/12\/20<\/td>\n<\/tr>\n<tr class=\"row-24\">\n\t<td class=\"column-1\"><em><\/em><\/td><td class=\"column-2\">Valentin Vinnat<\/td><td class=\"column-3\">2026\/12\/13<\/td>\n<\/tr>\n<tr class=\"row-25\">\n\t<td class=\"column-1\"><em>Incorporating external data in clinical trials<\/em><\/td><td class=\"column-2\">Megan Othus<\/td><td class=\"column-3\">2026\/11\/26<\/td>\n<\/tr>\n<tr class=\"row-26\">\n\t<td class=\"column-1\"><em>Pr\u00e9sentation du suivi dans les \u00e9tudes d&#8217;\u00e9pid\u00e9miologie clinique<\/em><\/td><td class=\"column-2\">Sofia Brand<\/td><td class=\"column-3\">2026\/11\/8<\/td>\n<\/tr>\n<tr class=\"row-27\">\n\t<td class=\"column-1\"><em>ISCB 2024 : Flexible borrowing of historical information in a bascket trial (Thomas Jaki)<\/em><\/td><td class=\"column-2\">Guillaume Mulier<\/td><td class=\"column-3\">2026\/10\/11<\/td>\n<\/tr>\n<tr class=\"row-28\">\n\t<td class=\"column-1\"><em>ISCB 2024 multi-state models, Non-Markov non-parametric estimation of complex multistate outcome after hematopoetic stem cell transplantation  &amp; Using multi state models to design single-arm adaptive trials with PFS and OS endpoints<\/em><\/td><td class=\"column-2\">Lo\u00efc Vasseur<\/td><td class=\"column-3\">2026\/9\/13<\/td>\n<\/tr>\n<tr class=\"row-29\">\n\t<td class=\"column-1\"><em>Inf\u00e9rence causale<\/em><\/td><td class=\"column-2\">Charles Assad<\/td><td class=\"column-3\">2024\/6\/9<\/td>\n<\/tr>\n<\/tbody>\n<\/table>\n<!-- #tablepress-52 from cache --><\/p>\t\t\t\t\t\t\t\t<\/div>\n\t\t\t\t<\/div>\n\t\t\t\t\t<\/div>\n\t\t\t\t<\/div>\n\t\t\t\t<\/div>\n\t\t","protected":false},"excerpt":{"rendered":"<p>Les s\u00e9minaires pass\u00e9s\u00a0<\/p>\n","protected":false},"author":3,"featured_media":0,"parent":0,"menu_order":0,"comment_status":"closed","ping_status":"closed","template":"","meta":{"_EventAllDay":false,"_EventTimezone":"","_EventStartDate":"","_EventEndDate":"","_EventStartDateUTC":"","_EventEndDateUTC":"","_EventShowMap":false,"_EventShowMapLink":false,"_EventURL":"","_EventCost":"","_EventCostDescription":"","_EventCurrencySymbol":"","_EventCurrencyCode":"","_EventCurrencyPosition":"","_EventDateTimeSeparator":"","_EventTimeRangeSeparator":"","_EventOrganizerID":[],"_EventVenueID":[],"_OrganizerEmail":"","_OrganizerPhone":"","_OrganizerWebsite":"","_VenueAddress":"","_VenueCity":"","_VenueCountry":"","_VenueProvince":"","_VenueState":"","_VenueZip":"","_VenuePhone":"","_VenueURL":"","_VenueStateProvince":"","_VenueLat":"","_VenueLng":"","_VenueShowMap":false,"_VenueShowMapLink":false,"ocean_post_layout":"","ocean_both_sidebars_style":"","ocean_both_sidebars_content_width":0,"ocean_both_sidebars_sidebars_width":0,"ocean_sidebar":"","ocean_second_sidebar":"","ocean_disable_margins":"enable","ocean_add_body_class":"","ocean_shortcode_before_top_bar":"","ocean_shortcode_after_top_bar":"","ocean_shortcode_before_header":"","ocean_shortcode_after_header":"","ocean_has_shortcode":"","ocean_shortcode_after_title":"","ocean_shortcode_before_footer_widgets":"","ocean_shortcode_after_footer_widgets":"","ocean_shortcode_before_footer_bottom":"","ocean_shortcode_after_footer_bottom":"","ocean_display_top_bar":"default","ocean_display_header":"default","ocean_header_style":"","ocean_center_header_left_menu":"","ocean_custom_header_template":"","ocean_custom_logo":0,"ocean_custom_retina_logo":0,"ocean_custom_logo_max_width":0,"ocean_custom_logo_tablet_max_width":0,"ocean_custom_logo_mobile_max_width":0,"ocean_custom_logo_max_height":0,"ocean_custom_logo_tablet_max_height":0,"ocean_custom_logo_mobile_max_height":0,"ocean_header_custom_menu":"","ocean_menu_typo_font_family":"","ocean_menu_typo_font_subset":"","ocean_menu_typo_font_size":0,"ocean_menu_typo_font_size_tablet":0,"ocean_menu_typo_font_size_mobile":0,"ocean_menu_typo_font_size_unit":"px","ocean_menu_typo_font_weight":"","ocean_menu_typo_font_weight_tablet":"","ocean_menu_typo_font_weight_mobile":"","ocean_menu_typo_transform":"","ocean_menu_typo_transform_tablet":"","ocean_menu_typo_transform_mobile":"","ocean_menu_typo_line_height":0,"ocean_menu_typo_line_height_tablet":0,"ocean_menu_typo_line_height_mobile":0,"ocean_menu_typo_line_height_unit":"","ocean_menu_typo_spacing":0,"ocean_menu_typo_spacing_tablet":0,"ocean_menu_typo_spacing_mobile":0,"ocean_menu_typo_spacing_unit":"","ocean_menu_link_color":"","ocean_menu_link_color_hover":"","ocean_menu_link_color_active":"","ocean_menu_link_background":"","ocean_menu_link_hover_background":"","ocean_menu_link_active_background":"","ocean_menu_social_links_bg":"","ocean_menu_social_hover_links_bg":"","ocean_menu_social_links_color":"","ocean_menu_social_hover_links_color":"","ocean_disable_title":"default","ocean_disable_heading":"default","ocean_post_title":"","ocean_post_subheading":"","ocean_post_title_style":"","ocean_post_title_background_color":"","ocean_post_title_background":0,"ocean_post_title_bg_image_position":"","ocean_post_title_bg_image_attachment":"","ocean_post_title_bg_image_repeat":"","ocean_post_title_bg_image_size":"","ocean_post_title_height":0,"ocean_post_title_bg_overlay":0.5,"ocean_post_title_bg_overlay_color":"","ocean_disable_breadcrumbs":"default","ocean_breadcrumbs_color":"","ocean_breadcrumbs_separator_color":"","ocean_breadcrumbs_links_color":"","ocean_breadcrumbs_links_hover_color":"","ocean_display_footer_widgets":"default","ocean_display_footer_bottom":"default","ocean_custom_footer_template":"","footnotes":""},"class_list":["post-8671","page","type-page","status-publish","hentry","entry"],"_links":{"self":[{"href":"https:\/\/www.sbim-stlouis.org\/index.php\/wp-json\/wp\/v2\/pages\/8671","targetHints":{"allow":["GET"]}}],"collection":[{"href":"https:\/\/www.sbim-stlouis.org\/index.php\/wp-json\/wp\/v2\/pages"}],"about":[{"href":"https:\/\/www.sbim-stlouis.org\/index.php\/wp-json\/wp\/v2\/types\/page"}],"author":[{"embeddable":true,"href":"https:\/\/www.sbim-stlouis.org\/index.php\/wp-json\/wp\/v2\/users\/3"}],"replies":[{"embeddable":true,"href":"https:\/\/www.sbim-stlouis.org\/index.php\/wp-json\/wp\/v2\/comments?post=8671"}],"version-history":[{"count":69,"href":"https:\/\/www.sbim-stlouis.org\/index.php\/wp-json\/wp\/v2\/pages\/8671\/revisions"}],"predecessor-version":[{"id":9813,"href":"https:\/\/www.sbim-stlouis.org\/index.php\/wp-json\/wp\/v2\/pages\/8671\/revisions\/9813"}],"wp:attachment":[{"href":"https:\/\/www.sbim-stlouis.org\/index.php\/wp-json\/wp\/v2\/media?parent=8671"}],"curies":[{"name":"wp","href":"https:\/\/api.w.org\/{rel}","templated":true}]}}