{"id":7242,"date":"2023-04-14T13:05:58","date_gmt":"2023-04-14T11:05:58","guid":{"rendered":"https:\/\/www.sbim-stlouis.org\/?page_id=7242"},"modified":"2026-04-14T14:41:43","modified_gmt":"2026-04-14T12:41:43","slug":"travaux","status":"publish","type":"page","link":"https:\/\/www.sbim-stlouis.org\/index.php\/travaux\/","title":{"rendered":"Travaux"},"content":{"rendered":"<p style=\"text-align: left;\">Nous nous sommes inspir\u00e9s de R Graph Gallery&nbsp;pour cr\u00e9er un site r\u00e9unissant une collection de graphiques utilis\u00e9s dans le service.&nbsp;<\/p>\n<p style=\"text-align: left;\"><\/p>\n<p style=\"text-align: left;\">Le site a \u00e9t\u00e9 d\u00e9velopp\u00e9 par Emma Lafaurie&nbsp;<\/p>\n<p><a href=\"https:\/\/rshiny2.sbim-stlouis.org\/SBIMGallery\/\">https:\/\/rshiny2.sbim-stlouis.org\/SBIMGallery\/<\/a><\/p>\n<p>\t\t\t\t\t\t\t\t\t\t\t\t\t\t\t<img fetchpriority=\"high\" decoding=\"async\" width=\"1024\" height=\"640\" src=\"https:\/\/www.sbim-stlouis.org\/wp-content\/uploads\/2023\/06\/Capture-decran-2023-06-06-a-10.15.06-1024x640.png\" alt=\"\" srcset=\"https:\/\/www.sbim-stlouis.org\/wp-content\/uploads\/2023\/06\/Capture-decran-2023-06-06-a-10.15.06-1024x640.png 1024w, https:\/\/www.sbim-stlouis.org\/wp-content\/uploads\/2023\/06\/Capture-decran-2023-06-06-a-10.15.06-300x188.png 300w, https:\/\/www.sbim-stlouis.org\/wp-content\/uploads\/2023\/06\/Capture-decran-2023-06-06-a-10.15.06-768x480.png 768w, https:\/\/www.sbim-stlouis.org\/wp-content\/uploads\/2023\/06\/Capture-decran-2023-06-06-a-10.15.06-1536x960.png 1536w, https:\/\/www.sbim-stlouis.org\/wp-content\/uploads\/2023\/06\/Capture-decran-2023-06-06-a-10.15.06-2048x1280.png 2048w\" sizes=\"(max-width: 1024px) 100vw, 1024px\" \/><br \/>\n\t\t\t\t\t\t\t\t\t\t\t\t\t\t\t<img decoding=\"async\" width=\"1024\" height=\"853\" src=\"https:\/\/www.sbim-stlouis.org\/wp-content\/uploads\/2025\/05\/Eds_Doremy_Blob_20250514-1024x853.png\" alt=\"\" srcset=\"https:\/\/www.sbim-stlouis.org\/wp-content\/uploads\/2025\/05\/Eds_Doremy_Blob_20250514-1024x853.png 1024w, https:\/\/www.sbim-stlouis.org\/wp-content\/uploads\/2025\/05\/Eds_Doremy_Blob_20250514-300x250.png 300w, https:\/\/www.sbim-stlouis.org\/wp-content\/uploads\/2025\/05\/Eds_Doremy_Blob_20250514-768x640.png 768w, https:\/\/www.sbim-stlouis.org\/wp-content\/uploads\/2025\/05\/Eds_Doremy_Blob_20250514-1536x1280.png 1536w, https:\/\/www.sbim-stlouis.org\/wp-content\/uploads\/2025\/05\/Eds_Doremy_Blob_20250514.png 1800w\" sizes=\"(max-width: 1024px) 100vw, 1024px\" \/><br \/>\n\t\t\t\t\t\t\t\t\t\t\t\t\t\t\t<img decoding=\"async\" width=\"1024\" height=\"853\" src=\"https:\/\/www.sbim-stlouis.org\/wp-content\/uploads\/2025\/05\/Eds_Doremy_Pyramid_20250514-1024x853.png\" alt=\"\" srcset=\"https:\/\/www.sbim-stlouis.org\/wp-content\/uploads\/2025\/05\/Eds_Doremy_Pyramid_20250514-1024x853.png 1024w, https:\/\/www.sbim-stlouis.org\/wp-content\/uploads\/2025\/05\/Eds_Doremy_Pyramid_20250514-300x250.png 300w, https:\/\/www.sbim-stlouis.org\/wp-content\/uploads\/2025\/05\/Eds_Doremy_Pyramid_20250514-768x640.png 768w, https:\/\/www.sbim-stlouis.org\/wp-content\/uploads\/2025\/05\/Eds_Doremy_Pyramid_20250514-1536x1280.png 1536w, https:\/\/www.sbim-stlouis.org\/wp-content\/uploads\/2025\/05\/Eds_Doremy_Pyramid_20250514.png 1800w\" sizes=\"(max-width: 1024px) 100vw, 1024px\" \/>\t\t\t\t\t\t\t\t\t\t\t\t\t\t\t<\/p>\n<p><strong>Le projet d&#8217;Entrep\u00f4t de Donn\u00e9es de Sant\u00e9 (EDS) DOREMy<\/strong> vise \u00e0 rassembler toutes les donn\u00e9es cliniques et biologiques d\u2019enfants atteints de Leuc\u00e9mie Aigu\u00eb My\u00e9lo\u00efde (LAM) dans une seule base de donn\u00e9es.<\/p>\n<p>Cette base permettra d\u2019analyser les profils des patients (diagnostics, r\u00e9ponses aux traitements, pronostics) pour mieux comprendre la maladie et am\u00e9liorer les traitements.<\/p>\n<p>Pour plus d&#8217;informations, c&#8217;est ici-&gt; <a href=\"https:\/\/www.conect-aml.fr\/eds-doremy-presentation-et-objectifs\/\" target=\"_blank\" rel=\"noopener\">EDS DOREMy<\/a><\/p>\n<p>Le service a mis en place deux serveurs&nbsp;<strong>Rshiny<\/strong>&nbsp; (externe et interne ) afin de permettre le d\u00e9veloppement et une expertise sur cette technologie prometteuse.<\/p>\n<p>L&#8217;expertise Rshiny a \u00e9t\u00e9 d\u00e9ploy\u00e9e avec l&#8217;aide de Emma Lafaurie&nbsp;<\/p>\n<p>Pour voir les projets RShiny au SBIM , c&#8217;est ici -&gt; <a href=\"https:\/\/www.sbim-stlouis.org\/index.php\/projets\/projet-rshiny\/\">R Shiny<\/a><\/p>\n<p>\t\t\t\t\t\t\t\t\t\t\t\t\t\t\t<img loading=\"lazy\" decoding=\"async\" width=\"1024\" height=\"499\" src=\"https:\/\/www.sbim-stlouis.org\/wp-content\/uploads\/2021\/09\/EmmaProjet-1024x499.png\" alt=\"\" srcset=\"https:\/\/www.sbim-stlouis.org\/wp-content\/uploads\/2021\/09\/EmmaProjet-1024x499.png 1024w, https:\/\/www.sbim-stlouis.org\/wp-content\/uploads\/2021\/09\/EmmaProjet-300x146.png 300w, https:\/\/www.sbim-stlouis.org\/wp-content\/uploads\/2021\/09\/EmmaProjet-768x374.png 768w, https:\/\/www.sbim-stlouis.org\/wp-content\/uploads\/2021\/09\/EmmaProjet.png 1486w\" sizes=\"(max-width: 1024px) 100vw, 1024px\" \/><br \/>\n\t\t\t\t\t\t\t\t\t\t\t\t\t\t\t<img loading=\"lazy\" decoding=\"async\" width=\"1024\" height=\"839\" src=\"https:\/\/www.sbim-stlouis.org\/wp-content\/uploads\/2021\/09\/gitlab-workflow-1-1024x839.jpg\" alt=\"\" srcset=\"https:\/\/www.sbim-stlouis.org\/wp-content\/uploads\/2021\/09\/gitlab-workflow-1-1024x839.jpg 1024w, https:\/\/www.sbim-stlouis.org\/wp-content\/uploads\/2021\/09\/gitlab-workflow-1-300x246.jpg 300w, https:\/\/www.sbim-stlouis.org\/wp-content\/uploads\/2021\/09\/gitlab-workflow-1-768x629.jpg 768w, https:\/\/www.sbim-stlouis.org\/wp-content\/uploads\/2021\/09\/gitlab-workflow-1.jpg 1200w\" sizes=\"(max-width: 1024px) 100vw, 1024px\" \/>\t\t\t\t\t\t\t\t\t\t\t\t\t\t\t<\/p>\n<p>Le service a mis en place un serveur <strong>Gitlab<\/strong> afin de pouvoir permettre la sauvegarde, le suivi, le partage, la restitution des projets d\u00e9velopp\u00e9s au SBIM.<\/p>\n<p>Ce projet a \u00e9t\u00e9 propos\u00e9 et d\u00e9ploy\u00e9 par Yves Gallien.<\/p>\n","protected":false},"excerpt":{"rendered":"<p>Nous nous sommes inspir\u00e9s de R Graph Gallery&nbsp;pour cr\u00e9er un site r\u00e9unissant une collection de graphiques utilis\u00e9s dans le service.&nbsp; Le site a \u00e9t\u00e9 d\u00e9velopp\u00e9 par Emma Lafaurie&nbsp; https:\/\/rshiny2.sbim-stlouis.org\/SBIMGallery\/ Le [&hellip;]<\/p>\n","protected":false},"author":3,"featured_media":0,"parent":0,"menu_order":0,"comment_status":"closed","ping_status":"closed","template":"","meta":{"_EventAllDay":false,"_EventTimezone":"","_EventStartDate":"","_EventEndDate":"","_EventStartDateUTC":"","_EventEndDateUTC":"","_EventShowMap":false,"_EventShowMapLink":false,"_EventURL":"","_EventCost":"","_EventCostDescription":"","_EventCurrencySymbol":"","_EventCurrencyCode":"","_EventCurrencyPosition":"","_EventDateTimeSeparator":"","_EventTimeRangeSeparator":"","_EventOrganizerID":[],"_EventVenueID":[],"_OrganizerEmail":"","_OrganizerPhone":"","_OrganizerWebsite":"","_VenueAddress":"","_VenueCity":"","_VenueCountry":"","_VenueProvince":"","_VenueState":"","_VenueZip":"","_VenuePhone":"","_VenueURL":"","_VenueStateProvince":"","_VenueLat":"","_VenueLng":"","_VenueShowMap":false,"_VenueShowMapLink":false,"ocean_post_layout":"","ocean_both_sidebars_style":"","ocean_both_sidebars_content_width":0,"ocean_both_sidebars_sidebars_width":0,"ocean_sidebar":"0","ocean_second_sidebar":"0","ocean_disable_margins":"enable","ocean_add_body_class":"","ocean_shortcode_before_top_bar":"","ocean_shortcode_after_top_bar":"","ocean_shortcode_before_header":"","ocean_shortcode_after_header":"","ocean_has_shortcode":"","ocean_shortcode_after_title":"","ocean_shortcode_before_footer_widgets":"","ocean_shortcode_after_footer_widgets":"","ocean_shortcode_before_footer_bottom":"","ocean_shortcode_after_footer_bottom":"","ocean_display_top_bar":"default","ocean_display_header":"default","ocean_header_style":"","ocean_center_header_left_menu":"0","ocean_custom_header_template":"0","ocean_custom_logo":0,"ocean_custom_retina_logo":0,"ocean_custom_logo_max_width":0,"ocean_custom_logo_tablet_max_width":0,"ocean_custom_logo_mobile_max_width":0,"ocean_custom_logo_max_height":0,"ocean_custom_logo_tablet_max_height":0,"ocean_custom_logo_mobile_max_height":0,"ocean_header_custom_menu":"0","ocean_menu_typo_font_family":"0","ocean_menu_typo_font_subset":"","ocean_menu_typo_font_size":0,"ocean_menu_typo_font_size_tablet":0,"ocean_menu_typo_font_size_mobile":0,"ocean_menu_typo_font_size_unit":"px","ocean_menu_typo_font_weight":"","ocean_menu_typo_font_weight_tablet":"","ocean_menu_typo_font_weight_mobile":"","ocean_menu_typo_transform":"","ocean_menu_typo_transform_tablet":"","ocean_menu_typo_transform_mobile":"","ocean_menu_typo_line_height":0,"ocean_menu_typo_line_height_tablet":0,"ocean_menu_typo_line_height_mobile":0,"ocean_menu_typo_line_height_unit":"","ocean_menu_typo_spacing":0,"ocean_menu_typo_spacing_tablet":0,"ocean_menu_typo_spacing_mobile":0,"ocean_menu_typo_spacing_unit":"","ocean_menu_link_color":"","ocean_menu_link_color_hover":"","ocean_menu_link_color_active":"","ocean_menu_link_background":"","ocean_menu_link_hover_background":"","ocean_menu_link_active_background":"","ocean_menu_social_links_bg":"","ocean_menu_social_hover_links_bg":"","ocean_menu_social_links_color":"","ocean_menu_social_hover_links_color":"","ocean_disable_title":"default","ocean_disable_heading":"default","ocean_post_title":"","ocean_post_subheading":"","ocean_post_title_style":"","ocean_post_title_background_color":"","ocean_post_title_background":0,"ocean_post_title_bg_image_position":"","ocean_post_title_bg_image_attachment":"","ocean_post_title_bg_image_repeat":"","ocean_post_title_bg_image_size":"","ocean_post_title_height":0,"ocean_post_title_bg_overlay":0.5,"ocean_post_title_bg_overlay_color":"","ocean_disable_breadcrumbs":"default","ocean_breadcrumbs_color":"","ocean_breadcrumbs_separator_color":"","ocean_breadcrumbs_links_color":"","ocean_breadcrumbs_links_hover_color":"","ocean_display_footer_widgets":"default","ocean_display_footer_bottom":"default","ocean_custom_footer_template":"0","footnotes":""},"class_list":["post-7242","page","type-page","status-publish","hentry","entry"],"_links":{"self":[{"href":"https:\/\/www.sbim-stlouis.org\/index.php\/wp-json\/wp\/v2\/pages\/7242","targetHints":{"allow":["GET"]}}],"collection":[{"href":"https:\/\/www.sbim-stlouis.org\/index.php\/wp-json\/wp\/v2\/pages"}],"about":[{"href":"https:\/\/www.sbim-stlouis.org\/index.php\/wp-json\/wp\/v2\/types\/page"}],"author":[{"embeddable":true,"href":"https:\/\/www.sbim-stlouis.org\/index.php\/wp-json\/wp\/v2\/users\/3"}],"replies":[{"embeddable":true,"href":"https:\/\/www.sbim-stlouis.org\/index.php\/wp-json\/wp\/v2\/comments?post=7242"}],"version-history":[{"count":153,"href":"https:\/\/www.sbim-stlouis.org\/index.php\/wp-json\/wp\/v2\/pages\/7242\/revisions"}],"predecessor-version":[{"id":9741,"href":"https:\/\/www.sbim-stlouis.org\/index.php\/wp-json\/wp\/v2\/pages\/7242\/revisions\/9741"}],"wp:attachment":[{"href":"https:\/\/www.sbim-stlouis.org\/index.php\/wp-json\/wp\/v2\/media?parent=7242"}],"curies":[{"name":"wp","href":"https:\/\/api.w.org\/{rel}","templated":true}]}}