{"id":445,"date":"2021-08-06T09:58:31","date_gmt":"2021-08-06T07:58:31","guid":{"rendered":"https:\/\/www.sbim-stlouis.org\/?page_id=445"},"modified":"2026-04-20T16:26:04","modified_gmt":"2026-04-20T14:26:04","slug":"le-service","status":"publish","type":"page","link":"https:\/\/www.sbim-stlouis.org\/","title":{"rendered":"Le service"},"content":{"rendered":"\t\t<div data-elementor-type=\"wp-page\" data-elementor-id=\"445\" class=\"elementor elementor-445\">\n\t\t\t\t\t\t<section class=\"elementor-section elementor-top-section elementor-element elementor-element-481cbd11 elementor-section-boxed elementor-section-height-default elementor-section-height-default\" data-id=\"481cbd11\" data-element_type=\"section\" data-e-type=\"section\">\n\t\t\t\t\t\t<div class=\"elementor-container elementor-column-gap-default\">\n\t\t\t\t\t<div class=\"elementor-column elementor-col-100 elementor-top-column elementor-element elementor-element-4bbc4be9\" data-id=\"4bbc4be9\" data-element_type=\"column\" data-e-type=\"column\">\n\t\t\t<div class=\"elementor-widget-wrap elementor-element-populated\">\n\t\t\t\t\t\t<div class=\"elementor-element elementor-element-44917d5e elementor-widget elementor-widget-text-editor\" data-id=\"44917d5e\" data-element_type=\"widget\" data-e-type=\"widget\" data-widget_type=\"text-editor.default\">\n\t\t\t\t<div class=\"elementor-widget-container\">\n\t\t\t\t\t\t\t\t\t<h3>\u00a0<\/h3>\n<div class=\"wp-block-cover__image-background wp-image-3714\" style=\"padding-bottom: 1em; margin-top: -105px;\">\n<div class=\"flip-box-position\">\n<div class=\"flip-box-inner-position\">\n<div class=\"flip-box-front-position\">\n<h2 class=\"Titre-position\" style=\"color: white; font-weight: 500; letter-spacing: 2px; margin: 0em;\">O\u00f9 suis-je?<\/h2>\n<\/div>\n<div class=\"flip-box-back-position\">\u00a0<\/div>\n<\/div>\n<\/div>\n<p><\/p>\n<p class=\"has-text-align-left\" style=\"font-size: 16px;\"><span style=\"color: #000080;\"><strong>Notre service,<\/strong> <\/span>situ\u00e9 au c\u0153ur de l\u2019h\u00f4pital Saint Louis, cumule les missions de recherche m\u00e9dicale, d\u2019enseignement, de recherche de m\u00e9thodes statistiques et d\u2019informatique. Toutes ces missions convergent vers une meilleure prise en charge des patients : traitements et combinaisons les plus efficacement s\u00e9lectionn\u00e9s, r\u00e9duction de la mortalit\u00e9, r\u00e9duction du temps pass\u00e9 \u00e0 l\u2019h\u00f4pital, attribution de la dose optimale de traitements.\u00a0<\/p>\n<p><\/p>\n<div id=\"ancre\">\n<div id=\"roue\">\n<p>\u00a0<\/p>\n<\/div>\n<\/div>\n<\/div>\t\t\t\t\t\t\t\t<\/div>\n\t\t\t\t<\/div>\n\t\t\t\t\t<\/div>\n\t\t<\/div>\n\t\t\t\t\t<\/div>\n\t\t<\/section>\n\t\t<div class=\"elementor-element elementor-element-024fa82 e-grid e-con-boxed e-con e-parent\" data-id=\"024fa82\" data-element_type=\"container\" data-e-type=\"container\">\n\t\t\t\t\t<div class=\"e-con-inner\">\n\t\t<div class=\"elementor-element elementor-element-05d92b4 e-con-full e-flex e-con e-child\" data-id=\"05d92b4\" data-element_type=\"container\" data-e-type=\"container\">\n\t\t\t\t<div class=\"elementor-element elementor-element-95e3f87 elementor-widget elementor-widget-text-editor\" data-id=\"95e3f87\" data-element_type=\"widget\" data-e-type=\"widget\" data-widget_type=\"text-editor.default\">\n\t\t\t\t<div class=\"elementor-widget-container\">\n\t\t\t\t\t\t\t\t\t<div class=\"wp-block-column\">\n<h2 class=\"has-text-align-center\"><strong>EPIDEMIOLOGIE CLINIQUE<\/strong><\/h2>\n<p>\u00a0<\/p>\n<\/div>\n<div class=\"wp-block-column\">\n<figure class=\"wp-block-image alignwide size-large\"><img fetchpriority=\"high\" decoding=\"async\" class=\"aligncenter wp-image-2575 size-large\" src=\"https:\/\/www.sbim-stlouis.org\/wp-content\/uploads\/2021\/11\/biblio2-1024x282.jpg\" alt=\"Bibliotheque archives SBIM\" width=\"1024\" height=\"282\" srcset=\"https:\/\/www.sbim-stlouis.org\/wp-content\/uploads\/2021\/11\/biblio2-1024x282.jpg 1024w, https:\/\/www.sbim-stlouis.org\/wp-content\/uploads\/2021\/11\/biblio2-300x83.jpg 300w, https:\/\/www.sbim-stlouis.org\/wp-content\/uploads\/2021\/11\/biblio2-768x212.jpg 768w, https:\/\/www.sbim-stlouis.org\/wp-content\/uploads\/2021\/11\/biblio2-1536x423.jpg 1536w, https:\/\/www.sbim-stlouis.org\/wp-content\/uploads\/2021\/11\/biblio2-2048x564.jpg 2048w\" sizes=\"(max-width: 1024px) 100vw, 1024px\" \/><span style=\"font-size: 13px; text-align: center; color: #555555; letter-spacing: 1.1px;\"><br \/><\/span><\/figure>\n<figure class=\"wp-block-image alignwide size-large\"><span style=\"font-size: 13px; text-align: center; color: #555555; letter-spacing: 1.1px;\">\u00a0<\/span><\/figure>\n<figure class=\"wp-block-image alignwide size-large\"><span style=\"font-size: 13px; text-align: center; color: #555555; letter-spacing: 1.1px;\">En couplant les activit\u00e9s de l\u2019Unit\u00e9 de Recherche Clinique (URC) avec les comp\u00e9tences en data management et statistiques, le service fournit les r\u00e9ponses aux questions que les investigateurs se posent via les protocoles de recherche.<\/span>\n<p>\u00a0<\/p>\n<figcaption>\n<p><span style=\"text-decoration: underline;\"><a href=\"https:\/\/www.sbim-stlouis.org\/index.php\/le-service\/\/epidemiologie-clinique\/\">Page Epid\u00e9miologie clinique<\/a><\/span><\/p>\n<\/figcaption>\n<\/figure>\n<\/div>\t\t\t\t\t\t\t\t<\/div>\n\t\t\t\t<\/div>\n\t\t\t\t<\/div>\n\t\t<div class=\"elementor-element elementor-element-8f70efb e-con-full e-flex e-con e-child\" data-id=\"8f70efb\" data-element_type=\"container\" data-e-type=\"container\">\n\t\t\t\t<div class=\"elementor-element elementor-element-307f7d4 elementor-widget elementor-widget-text-editor\" data-id=\"307f7d4\" data-element_type=\"widget\" data-e-type=\"widget\" data-widget_type=\"text-editor.default\">\n\t\t\t\t<div class=\"elementor-widget-container\">\n\t\t\t\t\t\t\t\t\t<div class=\"wp-block-column\" style=\"text-align: center;\">\n<h2 class=\"has-text-align-center\"><strong>RECHERCHE<\/strong><\/h2>\n<h2 class=\"has-text-align-center\"><strong>METHODOLOGIQUE<\/strong><\/h2>\n<p><\/p>\n<p><\/p>\n<figure class=\"wp-block-image size-large\"><img decoding=\"async\" class=\"aligncenter wp-image-2029 size-medium\" src=\"https:\/\/www.sbim-stlouis.org\/wp-content\/uploads\/2021\/10\/DSC05433-4-edited-300x83.jpg\" alt=\"\" width=\"300\" height=\"83\" srcset=\"https:\/\/www.sbim-stlouis.org\/wp-content\/uploads\/2021\/10\/DSC05433-4-edited-300x83.jpg 300w, https:\/\/www.sbim-stlouis.org\/wp-content\/uploads\/2021\/10\/DSC05433-4-edited-1024x284.jpg 1024w, https:\/\/www.sbim-stlouis.org\/wp-content\/uploads\/2021\/10\/DSC05433-4-edited-768x213.jpg 768w, https:\/\/www.sbim-stlouis.org\/wp-content\/uploads\/2021\/10\/DSC05433-4-edited-1536x426.jpg 1536w, https:\/\/www.sbim-stlouis.org\/wp-content\/uploads\/2021\/10\/DSC05433-4-edited-2048x568.jpg 2048w\" sizes=\"(max-width: 300px) 100vw, 300px\" \/><span style=\"font-size: 13px; text-align: center; color: #555555; letter-spacing: 1.1px;\"><br \/><\/span><\/figure>\n<figure class=\"wp-block-image size-large\"><span style=\"font-size: 13px; text-align: center; color: #555555; letter-spacing: 1.1px;\">En proposant de nouvelles m\u00e9thodes statistique ou en am\u00e9liorant d\u2019autres, le service participe \u00e0 l\u2019effort pour une meilleure prise en charge des patients et d\u2019une am\u00e9lioration de la sant\u00e9 publique en g\u00e9n\u00e9ral.<\/span>\n<figcaption>\n<p>\u00a0<\/p>\n<p><span style=\"text-decoration: underline;\"><a href=\"https:\/\/www.sbim-stlouis.org\/index.php\/le-service\/recherches-methodologiques\/\">Page Recherche m\u00e9thodologique<\/a><\/span><\/p>\n<\/figcaption>\n<\/figure>\n<\/div>\t\t\t\t\t\t\t\t<\/div>\n\t\t\t\t<\/div>\n\t\t\t\t<\/div>\n\t\t<div class=\"elementor-element elementor-element-af2ebdc e-con-full e-flex e-con e-child\" data-id=\"af2ebdc\" data-element_type=\"container\" data-e-type=\"container\">\n\t\t\t\t<div class=\"elementor-element elementor-element-3ec717e elementor-widget elementor-widget-text-editor\" data-id=\"3ec717e\" data-element_type=\"widget\" data-e-type=\"widget\" data-widget_type=\"text-editor.default\">\n\t\t\t\t<div class=\"elementor-widget-container\">\n\t\t\t\t\t\t\t\t\t<div class=\"wp-block-column\">\n<figure class=\"wp-block-image size-large\">\n<figcaption>\n<h2 style=\"text-align: center;\"><strong>Enseignement<\/strong><\/h2>\n<p>\u00a0<\/p>\n<figure class=\"wp-block-image size-large\"><img decoding=\"async\" class=\"alignnone wp-image-4773\" src=\"https:\/\/www.sbim-stlouis.org\/wp-content\/uploads\/2022\/10\/VieuxLivres-scaled-e1716886087334-1024x194.jpg\" alt=\"\" width=\"437\" height=\"83\" srcset=\"https:\/\/www.sbim-stlouis.org\/wp-content\/uploads\/2022\/10\/VieuxLivres-scaled-e1716886087334-1024x194.jpg 1024w, https:\/\/www.sbim-stlouis.org\/wp-content\/uploads\/2022\/10\/VieuxLivres-scaled-e1716886087334-300x57.jpg 300w, https:\/\/www.sbim-stlouis.org\/wp-content\/uploads\/2022\/10\/VieuxLivres-scaled-e1716886087334-768x146.jpg 768w, https:\/\/www.sbim-stlouis.org\/wp-content\/uploads\/2022\/10\/VieuxLivres-scaled-e1716886087334-1536x292.jpg 1536w, https:\/\/www.sbim-stlouis.org\/wp-content\/uploads\/2022\/10\/VieuxLivres-scaled-e1716886087334-2048x389.jpg 2048w\" sizes=\"(max-width: 437px) 100vw, 437px\" \/><\/figure>\n<\/figcaption>\n<\/figure>\n<\/div>\n<div class=\"wp-block-column\">\n<figure class=\"wp-block-image alignwide size-large is-style-default\">\n<figcaption>\n<p style=\"text-align: center;\">\u00a0<\/p>\n<p style=\"text-align: center;\">En proposant des enseignements de haut niveau, le service participe \u00e0 la transmission des savoirs et forment les chercheurs de demain, tout en alimentant l\u2019enthousiasme pour la statistique appliqu\u00e9e aux questions de sant\u00e9.<\/p>\n<p>\u00a0<\/p>\n<p><span style=\"text-decoration: underline;\"><a href=\"https:\/\/www.sbim-stlouis.org\/index.php\/le-service\/enseignement\/\">Page Enseignement<\/a><\/span><\/p>\n<\/figcaption>\n<\/figure>\n<\/div>\t\t\t\t\t\t\t\t<\/div>\n\t\t\t\t<\/div>\n\t\t\t\t<\/div>\n\t\t\t\t\t<\/div>\n\t\t\t\t<\/div>\n\t\t\t\t<\/div>\n\t\t","protected":false},"excerpt":{"rendered":"<p>\u00a0 O\u00f9 suis-je? \u00a0 Notre service, situ\u00e9 au c\u0153ur de l\u2019h\u00f4pital Saint Louis, cumule les missions de recherche m\u00e9dicale, d\u2019enseignement, de recherche de m\u00e9thodes statistiques et d\u2019informatique. Toutes ces missions [&hellip;]<\/p>\n","protected":false},"author":1,"featured_media":0,"parent":0,"menu_order":0,"comment_status":"closed","ping_status":"closed","template":"","meta":{"_EventAllDay":false,"_EventTimezone":"","_EventStartDate":"","_EventEndDate":"","_EventStartDateUTC":"","_EventEndDateUTC":"","_EventShowMap":false,"_EventShowMapLink":false,"_EventURL":"","_EventCost":"","_EventCostDescription":"","_EventCurrencySymbol":"","_EventCurrencyCode":"","_EventCurrencyPosition":"","_EventDateTimeSeparator":"","_EventTimeRangeSeparator":"","_EventOrganizerID":[],"_EventVenueID":[],"_OrganizerEmail":"","_OrganizerPhone":"","_OrganizerWebsite":"","_VenueAddress":"","_VenueCity":"","_VenueCountry":"","_VenueProvince":"","_VenueState":"","_VenueZip":"","_VenuePhone":"","_VenueURL":"","_VenueStateProvince":"","_VenueLat":"","_VenueLng":"","_VenueShowMap":false,"_VenueShowMapLink":false,"ocean_post_layout":"","ocean_both_sidebars_style":"","ocean_both_sidebars_content_width":0,"ocean_both_sidebars_sidebars_width":0,"ocean_sidebar":"0","ocean_second_sidebar":"0","ocean_disable_margins":"enable","ocean_add_body_class":"","ocean_shortcode_before_top_bar":"","ocean_shortcode_after_top_bar":"","ocean_shortcode_before_header":"","ocean_shortcode_after_header":"","ocean_has_shortcode":"","ocean_shortcode_after_title":"","ocean_shortcode_before_footer_widgets":"","ocean_shortcode_after_footer_widgets":"","ocean_shortcode_before_footer_bottom":"","ocean_shortcode_after_footer_bottom":"","ocean_display_top_bar":"default","ocean_display_header":"default","ocean_header_style":"","ocean_center_header_left_menu":"0","ocean_custom_header_template":"0","ocean_custom_logo":0,"ocean_custom_retina_logo":0,"ocean_custom_logo_max_width":0,"ocean_custom_logo_tablet_max_width":0,"ocean_custom_logo_mobile_max_width":0,"ocean_custom_logo_max_height":0,"ocean_custom_logo_tablet_max_height":0,"ocean_custom_logo_mobile_max_height":0,"ocean_header_custom_menu":"0","ocean_menu_typo_font_family":"0","ocean_menu_typo_font_subset":"","ocean_menu_typo_font_size":0,"ocean_menu_typo_font_size_tablet":0,"ocean_menu_typo_font_size_mobile":0,"ocean_menu_typo_font_size_unit":"px","ocean_menu_typo_font_weight":"","ocean_menu_typo_font_weight_tablet":"","ocean_menu_typo_font_weight_mobile":"","ocean_menu_typo_transform":"","ocean_menu_typo_transform_tablet":"","ocean_menu_typo_transform_mobile":"","ocean_menu_typo_line_height":0,"ocean_menu_typo_line_height_tablet":0,"ocean_menu_typo_line_height_mobile":0,"ocean_menu_typo_line_height_unit":"","ocean_menu_typo_spacing":0,"ocean_menu_typo_spacing_tablet":0,"ocean_menu_typo_spacing_mobile":0,"ocean_menu_typo_spacing_unit":"","ocean_menu_link_color":"","ocean_menu_link_color_hover":"","ocean_menu_link_color_active":"","ocean_menu_link_background":"","ocean_menu_link_hover_background":"","ocean_menu_link_active_background":"","ocean_menu_social_links_bg":"","ocean_menu_social_hover_links_bg":"","ocean_menu_social_links_color":"","ocean_menu_social_hover_links_color":"","ocean_disable_title":"default","ocean_disable_heading":"default","ocean_post_title":"","ocean_post_subheading":"","ocean_post_title_style":"","ocean_post_title_background_color":"","ocean_post_title_background":0,"ocean_post_title_bg_image_position":"","ocean_post_title_bg_image_attachment":"","ocean_post_title_bg_image_repeat":"","ocean_post_title_bg_image_size":"","ocean_post_title_height":0,"ocean_post_title_bg_overlay":0.5,"ocean_post_title_bg_overlay_color":"","ocean_disable_breadcrumbs":"default","ocean_breadcrumbs_color":"","ocean_breadcrumbs_separator_color":"","ocean_breadcrumbs_links_color":"","ocean_breadcrumbs_links_hover_color":"","ocean_display_footer_widgets":"default","ocean_display_footer_bottom":"default","ocean_custom_footer_template":"0","footnotes":""},"class_list":["post-445","page","type-page","status-publish","hentry","entry"],"_links":{"self":[{"href":"https:\/\/www.sbim-stlouis.org\/index.php\/wp-json\/wp\/v2\/pages\/445","targetHints":{"allow":["GET"]}}],"collection":[{"href":"https:\/\/www.sbim-stlouis.org\/index.php\/wp-json\/wp\/v2\/pages"}],"about":[{"href":"https:\/\/www.sbim-stlouis.org\/index.php\/wp-json\/wp\/v2\/types\/page"}],"author":[{"embeddable":true,"href":"https:\/\/www.sbim-stlouis.org\/index.php\/wp-json\/wp\/v2\/users\/1"}],"replies":[{"embeddable":true,"href":"https:\/\/www.sbim-stlouis.org\/index.php\/wp-json\/wp\/v2\/comments?post=445"}],"version-history":[{"count":686,"href":"https:\/\/www.sbim-stlouis.org\/index.php\/wp-json\/wp\/v2\/pages\/445\/revisions"}],"predecessor-version":[{"id":10413,"href":"https:\/\/www.sbim-stlouis.org\/index.php\/wp-json\/wp\/v2\/pages\/445\/revisions\/10413"}],"wp:attachment":[{"href":"https:\/\/www.sbim-stlouis.org\/index.php\/wp-json\/wp\/v2\/media?parent=445"}],"curies":[{"name":"wp","href":"https:\/\/api.w.org\/{rel}","templated":true}]}}