{"id":1960,"date":"2021-09-30T13:30:34","date_gmt":"2021-09-30T13:30:34","guid":{"rendered":"https:\/\/www.sbim-stlouis.org\/?page_id=1960"},"modified":"2022-08-04T17:10:54","modified_gmt":"2022-08-04T15:10:54","slug":"plan-du-site-2","status":"publish","type":"page","link":"https:\/\/www.sbim-stlouis.org\/index.php\/plan-du-site-2\/","title":{"rendered":"Plan du site"},"content":{"rendered":"\n<ul class=\"wp-block-list\" id=\"plan\"><li><a href=\"https:\/\/www.sbim-stlouis.org\/\">Accueil<\/a><\/li><li><a href=\"https:\/\/www.sbim-stlouis.org\/index.php\/missions\/\">Missions<\/a><ul><li><a href=\"https:\/\/www.sbim-stlouis.org\/index.php\/accueil\/enseignement\/\">Enseignement<\/a><\/li><li><a href=\"https:\/\/www.sbim-stlouis.org\/index.php\/accueil\/epidemiologie-clinique\/\">\u00c9pid\u00e9miologie \/ Recherche Clinique<\/a><\/li><li><a href=\"https:\/\/www.sbim-stlouis.org\/index.php\/accueil\/information-medicale\/\">Information m\u00e9dicale<\/a><\/li><li><a href=\"https:\/\/www.sbim-stlouis.org\/index.php\/accueil\/recherches-methodologiques\/\">Recherche m\u00e9thodologique<\/a><\/li><\/ul><\/li><li><a href=\"https:\/\/www.sbim-stlouis.org\/index.php\/le-service\/\">Le service<\/a><\/li><li><a href=\"https:\/\/www.sbim-stlouis.org\/index.php\/publications\/\">Publications<\/a><ul><li><a href=\"https:\/\/www.sbim-stlouis.org\/index.php\/publications\/publications-2017\/\">Publications 2017<\/a><\/li><li><a href=\"https:\/\/www.sbim-stlouis.org\/index.php\/publications\/publications-2018\/\">Publications 2018<\/a><\/li><li><a href=\"https:\/\/www.sbim-stlouis.org\/index.php\/publications\/publications-2019\/\">Publications 2019<\/a><\/li><li><a href=\"https:\/\/www.sbim-stlouis.org\/index.php\/publications\/publications-2020\/\">Publications 2020<\/a><\/li><li><a href=\"https:\/\/www.sbim-stlouis.org\/index.php\/publications\/publications-2021\/\">Publications 2021<\/a><\/li><li><a href=\"https:\/\/www.sbim-stlouis.org\/index.php\/publications-2022\/\">Publications 2022<\/a><\/li><\/ul><\/li><li><a href=\"https:\/\/www.sbim-stlouis.org\/index.php\/theses\/\">Th\u00e8ses<\/a><\/li><li><a href=\"https:\/\/www.sbim-stlouis.org\/index.php\/liste-des-protocoles\/\">Protocoles<\/a><\/li><li><a href=\"https:\/\/www.sbim-stlouis.org\/index.php\/projets\/\">Projets<\/a><ul><li><a href=\"https:\/\/www.sbim-stlouis.org\/index.php\/projets\/projet-rshiny\/\">Projets Rshiny<\/a><\/li><\/ul><\/li><li><a href=\"https:\/\/www.sbim-stlouis.org\/annuaire.php\">Annuaire<\/a><\/li><li><a href=\"https:\/\/www.sbim-stlouis.org\/index.php\/en\/__trashed-2\/\">Nous rejoindre<\/a><\/li><li><a href=\"https:\/\/www.sbim-stlouis.org\/index.php\/contactez-nous\/\">Contact<\/a><\/li><li><a href=\"https:\/\/www.sbim-stlouis.org\/index.php\/liens-utiles\/\">Liens utiles<\/a><\/li><li><a href=\"https:\/\/www.sbim-stlouis.org\/index.php\/mentions-legales\/\">Mentions l\u00e9gales<\/a><\/li><li><a href=\"https:\/\/www.sbim-stlouis.org\/index.php\/plan-du-site-2\/\">Plan du site<\/a><\/li><li><a href=\"https:\/\/www.sbim-stlouis.org\/connexion.php\">Acc\u00e8s r\u00e9serv\u00e9<\/a><\/li><\/ul>\n","protected":false},"excerpt":{"rendered":"<p>Accueil Missions Enseignement \u00c9pid\u00e9miologie \/ Recherche Clinique Information m\u00e9dicale Recherche m\u00e9thodologique Le service Publications Publications 2017 Publications 2018 Publications 2019 Publications 2020 Publications 2021 Publications 2022 Th\u00e8ses Protocoles Projets Projets [&hellip;]<\/p>\n","protected":false},"author":2,"featured_media":0,"parent":0,"menu_order":0,"comment_status":"closed","ping_status":"closed","template":"","meta":{"_EventAllDay":false,"_EventTimezone":"","_EventStartDate":"","_EventEndDate":"","_EventStartDateUTC":"","_EventEndDateUTC":"","_EventShowMap":false,"_EventShowMapLink":false,"_EventURL":"","_EventCost":"","_EventCostDescription":"","_EventCurrencySymbol":"","_EventCurrencyCode":"","_EventCurrencyPosition":"","_EventDateTimeSeparator":"","_EventTimeRangeSeparator":"","_EventOrganizerID":[],"_EventVenueID":[],"_OrganizerEmail":"","_OrganizerPhone":"","_OrganizerWebsite":"","_VenueAddress":"","_VenueCity":"","_VenueCountry":"","_VenueProvince":"","_VenueState":"","_VenueZip":"","_VenuePhone":"","_VenueURL":"","_VenueStateProvince":"","_VenueLat":"","_VenueLng":"","_VenueShowMap":false,"_VenueShowMapLink":false,"ocean_post_layout":"","ocean_both_sidebars_style":"","ocean_both_sidebars_content_width":0,"ocean_both_sidebars_sidebars_width":0,"ocean_sidebar":"0","ocean_second_sidebar":"0","ocean_disable_margins":"enable","ocean_add_body_class":"","ocean_shortcode_before_top_bar":"","ocean_shortcode_after_top_bar":"","ocean_shortcode_before_header":"","ocean_shortcode_after_header":"","ocean_has_shortcode":"","ocean_shortcode_after_title":"","ocean_shortcode_before_footer_widgets":"","ocean_shortcode_after_footer_widgets":"","ocean_shortcode_before_footer_bottom":"","ocean_shortcode_after_footer_bottom":"","ocean_display_top_bar":"default","ocean_display_header":"default","ocean_header_style":"","ocean_center_header_left_menu":"0","ocean_custom_header_template":"0","ocean_custom_logo":0,"ocean_custom_retina_logo":0,"ocean_custom_logo_max_width":0,"ocean_custom_logo_tablet_max_width":0,"ocean_custom_logo_mobile_max_width":0,"ocean_custom_logo_max_height":0,"ocean_custom_logo_tablet_max_height":0,"ocean_custom_logo_mobile_max_height":0,"ocean_header_custom_menu":"0","ocean_menu_typo_font_family":"0","ocean_menu_typo_font_subset":"","ocean_menu_typo_font_size":0,"ocean_menu_typo_font_size_tablet":0,"ocean_menu_typo_font_size_mobile":0,"ocean_menu_typo_font_size_unit":"px","ocean_menu_typo_font_weight":"","ocean_menu_typo_font_weight_tablet":"","ocean_menu_typo_font_weight_mobile":"","ocean_menu_typo_transform":"","ocean_menu_typo_transform_tablet":"","ocean_menu_typo_transform_mobile":"","ocean_menu_typo_line_height":0,"ocean_menu_typo_line_height_tablet":0,"ocean_menu_typo_line_height_mobile":0,"ocean_menu_typo_line_height_unit":"","ocean_menu_typo_spacing":0,"ocean_menu_typo_spacing_tablet":0,"ocean_menu_typo_spacing_mobile":0,"ocean_menu_typo_spacing_unit":"","ocean_menu_link_color":"","ocean_menu_link_color_hover":"","ocean_menu_link_color_active":"","ocean_menu_link_background":"","ocean_menu_link_hover_background":"","ocean_menu_link_active_background":"","ocean_menu_social_links_bg":"","ocean_menu_social_hover_links_bg":"","ocean_menu_social_links_color":"","ocean_menu_social_hover_links_color":"","ocean_disable_title":"default","ocean_disable_heading":"default","ocean_post_title":"","ocean_post_subheading":"","ocean_post_title_style":"","ocean_post_title_background_color":"","ocean_post_title_background":0,"ocean_post_title_bg_image_position":"","ocean_post_title_bg_image_attachment":"","ocean_post_title_bg_image_repeat":"","ocean_post_title_bg_image_size":"","ocean_post_title_height":0,"ocean_post_title_bg_overlay":0.5,"ocean_post_title_bg_overlay_color":"","ocean_disable_breadcrumbs":"default","ocean_breadcrumbs_color":"","ocean_breadcrumbs_separator_color":"","ocean_breadcrumbs_links_color":"","ocean_breadcrumbs_links_hover_color":"","ocean_display_footer_widgets":"default","ocean_display_footer_bottom":"default","ocean_custom_footer_template":"0","footnotes":""},"class_list":["post-1960","page","type-page","status-publish","hentry","entry"],"_links":{"self":[{"href":"https:\/\/www.sbim-stlouis.org\/index.php\/wp-json\/wp\/v2\/pages\/1960","targetHints":{"allow":["GET"]}}],"collection":[{"href":"https:\/\/www.sbim-stlouis.org\/index.php\/wp-json\/wp\/v2\/pages"}],"about":[{"href":"https:\/\/www.sbim-stlouis.org\/index.php\/wp-json\/wp\/v2\/types\/page"}],"author":[{"embeddable":true,"href":"https:\/\/www.sbim-stlouis.org\/index.php\/wp-json\/wp\/v2\/users\/2"}],"replies":[{"embeddable":true,"href":"https:\/\/www.sbim-stlouis.org\/index.php\/wp-json\/wp\/v2\/comments?post=1960"}],"version-history":[{"count":11,"href":"https:\/\/www.sbim-stlouis.org\/index.php\/wp-json\/wp\/v2\/pages\/1960\/revisions"}],"predecessor-version":[{"id":4416,"href":"https:\/\/www.sbim-stlouis.org\/index.php\/wp-json\/wp\/v2\/pages\/1960\/revisions\/4416"}],"wp:attachment":[{"href":"https:\/\/www.sbim-stlouis.org\/index.php\/wp-json\/wp\/v2\/media?parent=1960"}],"curies":[{"name":"wp","href":"https:\/\/api.w.org\/{rel}","templated":true}]}}