{"id":1335,"date":"2021-09-14T12:36:32","date_gmt":"2021-09-14T12:36:32","guid":{"rendered":"https:\/\/www.sbim-stlouis.org\/?page_id=1335"},"modified":"2025-10-07T17:28:28","modified_gmt":"2025-10-07T15:28:28","slug":"mentions-legales","status":"publish","type":"page","link":"https:\/\/www.sbim-stlouis.org\/index.php\/mentions-legales\/","title":{"rendered":"Mentions l\u00e9gales"},"content":{"rendered":"\t\t<div data-elementor-type=\"wp-page\" data-elementor-id=\"1335\" class=\"elementor elementor-1335\">\n\t\t\t\t<div class=\"elementor-element elementor-element-157e85c9 e-flex e-con-boxed e-con e-parent\" data-id=\"157e85c9\" data-element_type=\"container\" data-e-type=\"container\">\n\t\t\t\t\t<div class=\"e-con-inner\">\n\t\t\t\t<div class=\"elementor-element elementor-element-3f49c10a elementor-widget elementor-widget-text-editor\" data-id=\"3f49c10a\" data-element_type=\"widget\" data-e-type=\"widget\" data-widget_type=\"text-editor.default\">\n\t\t\t\t<div class=\"elementor-widget-container\">\n\t\t\t\t\t\t\t\t\t<div class=\"wp-block-columns alignwide is-not-stacked-on-mobile\">\n<p><\/p>\n<div class=\"wp-block-column is-layout-flow wp-block-column-is-layout-flow\" style=\"flex-basis: 25%;\">\n<p><\/p>\n<h3 id=\"plan\" class=\"wp-block-heading has-text-align-center\">Plan<\/h3>\n<p><\/p>\n<ul class=\"wp-block-list\">\n<li style=\"list-style-type: none;\">\n<ul><\/ul>\n<\/li>\n<\/ul>\n<ul>\n<li style=\"list-style-type: none;\">\n<ul>\n<li><strong><a href=\"#designation-du-site\" data-type=\"internal\" data-id=\"#designation-du-site\"><mark class=\"has-inline-color has-nv-dark-bg-color\" style=\"background-color: rgba(0, 0, 0, 0);\">D\u00e9signation du site<\/mark><\/a><\/strong><\/li>\n<\/ul>\n<\/li>\n<\/ul>\n<p><\/p>\n<ul>\n<li style=\"list-style-type: none;\">\n<ul>\n<li><strong><a href=\"#responsable-de-la-publication\" data-type=\"internal\" data-id=\"#responsable-de-la-publication\"><mark class=\"has-inline-color has-nv-dark-bg-color\" style=\"background-color: rgba(0, 0, 0, 0);\">Responsable de la publication<\/mark><\/a><\/strong><\/li>\n<\/ul>\n<\/li>\n<\/ul>\n<p><\/p>\n<ul>\n<li style=\"list-style-type: none;\">\n<ul>\n<li><strong><a href=\"#conception-et-realisation\" data-type=\"internal\" data-id=\"#conception-et-realisation\"><mark class=\"has-inline-color has-nv-dark-bg-color\" style=\"background-color: rgba(0, 0, 0, 0);\">Conception et r\u00e9alisation<\/mark><\/a><\/strong><\/li>\n<\/ul>\n<\/li>\n<\/ul>\n<p><\/p>\n<ul>\n<li style=\"list-style-type: none;\">\u00a0<\/li>\n<\/ul>\n<p><\/p>\n<ul>\n<li style=\"list-style-type: none;\">\n<ul>\n<li><strong><a href=\"#hebergement\" data-type=\"internal\" data-id=\"#hebergement\"><mark class=\"has-inline-color has-nv-dark-bg-color\" style=\"background-color: rgba(0, 0, 0, 0);\">H\u00e9bergement<\/mark><\/a><\/strong><\/li>\n<\/ul>\n<\/li>\n<\/ul>\n<p><\/p>\n<ul>\n<li style=\"list-style-type: none;\">\n<ul>\n<li><strong><a href=\"#propriete-intellectuelle\" data-type=\"internal\" data-id=\"#propriete-intellectuelle\"><mark class=\"has-inline-color has-nv-dark-bg-color\" style=\"background-color: rgba(0, 0, 0, 0);\">Propri\u00e9t\u00e9 intellectuelle<\/mark><\/a><\/strong><\/li>\n<\/ul>\n<\/li>\n<\/ul>\n<p><\/p>\n<ul>\n<li style=\"list-style-type: none;\">\n<ul>\n<li><strong><mark><a href=\"#contenu-du-site\" data-type=\"internal\" data-id=\"#contenu-du-site\"><mark class=\"has-inline-color\" style=\"background-color: #ffffff;\">Contenu du site<\/mark><\/a><\/mark><\/strong><\/li>\n<\/ul>\n<\/li>\n<\/ul>\n<p><\/p>\n<ul>\n<li style=\"list-style-type: none;\">\n<ul>\n<li><strong><a href=\"#liens-hypertextes\" data-type=\"internal\" data-id=\"#liens-hypertextes\"><mark class=\"has-inline-color has-nv-dark-bg-color\" style=\"background-color: rgba(0, 0, 0, 0);\">Liens hypertextes<\/mark><\/a><\/strong><\/li>\n<\/ul>\n<\/li>\n<\/ul>\n<p><\/p>\n<ul>\n<li style=\"list-style-type: none;\">\n<ul>\n<li><strong><a href=\"#confidentialite\" data-type=\"internal\" data-id=\"#confidentialite\"><mark class=\"has-inline-color has-nv-dark-bg-color\" style=\"background-color: rgba(0, 0, 0, 0);\">Confidentialit\u00e9<\/mark><\/a><\/strong><\/li>\n<\/ul>\n<\/li>\n<\/ul>\n<p><\/p>\n<ul>\n<li style=\"list-style-type: none;\">\n<ul>\n<li><strong><a href=\"#gestion-des-cookies\" data-type=\"internal\" data-id=\"#gestion-des-cookies\"><mark class=\"has-inline-color has-nv-dark-bg-color\" style=\"background-color: rgba(0, 0, 0, 0);\">Gestion des cookies<\/mark><\/a><\/strong><\/li>\n<\/ul>\n<\/li>\n<\/ul>\n<p><\/p>\n<p><\/p>\n<\/div>\n<p><\/p>\n<div class=\"wp-block-column is-layout-flow wp-block-column-is-layout-flow\" style=\"flex-basis: 75%;\">\n<p><\/p>\n<h4 id=\"designation-du-site\" class=\"wp-block-heading\"><strong>D\u00e9signation du site<\/strong><\/h4>\n<p><\/p>\n<p>Nom du site Web : Service de Biostatistique et Information M\u00e9dicale<br \/>Adresse du site Web :\u00a0<a href=\"https:\/\/www.sbim-stlouis.org\/\">https:\/\/www.sbim-stlouis.org\/<\/a><br \/>Site Web du Service de Biostatistique et Information m\u00e9dicale situ\u00e9 au 1 avenue Claude Vellefaux, 75010 \u2013 Paris<\/p>\n<p><\/p>\n<h4 id=\"responsable-de-la-publication\" class=\"wp-block-heading\"><strong>Responsable de la publication<\/strong><\/h4>\n<p><\/p>\n<p>Chevret Sylvie : chef du service<\/p>\n<p><\/p>\n<h4 id=\"conception-et-realisation\" class=\"wp-block-heading\"><strong>Conception et r\u00e9alisation<\/strong><\/h4>\n<p><\/p>\n<p>Chlo\u00e9 Le Mouel, Coralie Boyer, Brigitte Guillon, Corinne Nyanou<\/p>\n<p><\/p>\n<p><\/p>\n<h4 id=\"hebergement\" class=\"wp-block-heading\"><strong>H\u00e9bergement<\/strong><\/h4>\n<p><\/p>\n<p>Ce site est h\u00e9berg\u00e9 sur l&#8217;un des serveurs du SBIM.<\/p>\n<p><\/p>\n<p>L&#8217;acc\u00e8s au site peut \u00eatre interrompu \u00e0 tout moment, sans pr\u00e9avis, notamment en cas de force majeure, de maintenance ou si le SBIM d\u00e9cide de suspendre ou d&#8217;arr\u00eater la fourniture de ce service. L&#8217;obligation de fourniture du service se limite donc \u00e0 une obligation de moyens.<br \/>Le site est r\u00e9gi par la loi fran\u00e7aise. Les utilisateurs \u00e9trangers acceptent formellement l&#8217;application de la loi fran\u00e7aise en visitant ce site et en utilisant tout ou partie des fonctionnalit\u00e9s du site.<\/p>\n<p><\/p>\n<h4 id=\"propriete-intellectuelle\" class=\"wp-block-heading\"><strong>Propri\u00e9t\u00e9 intellectuelle<\/strong><\/h4>\n<p><\/p>\n<p>L&#8217;ensemble des \u00e9l\u00e9ments composant ce site (textes, images, logo, etc.) rel\u00e8ve de la l\u00e9gislation fran\u00e7aise et internationale sur le droit d&#8217;auteur et plus g\u00e9n\u00e9ralement sur la propri\u00e9t\u00e9 intellectuelle. Tous les droits de reproduction sont r\u00e9serv\u00e9s, y compris les repr\u00e9sentations iconographiques et photographiques.<\/p>\n<p><\/p>\n<p>La reproduction des textes de ce site est autoris\u00e9e pour toute utilisation \u00e0 caract\u00e8re strictement priv\u00e9, \u00e0 la condition expresse d&#8217;en faire la demande aux webmasters et d\u2019en mentionner la source.<\/p>\n<p><\/p>\n<p>Toute exploitation non autoris\u00e9e du site ou de l\u2019un quelconque des \u00e9l\u00e9ments qu\u2019il contient est consid\u00e9r\u00e9e comme constitutive d\u2019une contrefa\u00e7on et poursuivie selon les articles L.335-2 et suivants du Code de Propri\u00e9t\u00e9 Intellectuelle.<\/p>\n<p><\/p>\n<h4 id=\"contenu-du-site\" class=\"wp-block-heading\"><strong>Contenu du site<\/strong><\/h4>\n<p><\/p>\n<p>Le SBIM s&#8217;efforce d&#8217;assurer l&#8217;exactitude et la mise \u00e0 jour des informations diffus\u00e9es, au moment de leur mise en ligne sur le site. Il ne garantit en aucune fa\u00e7on l&#8217;exactitude, la pr\u00e9cision ou l&#8217;exhaustivit\u00e9 des informations mises \u00e0 disposition sur le site. Les informations pr\u00e9sentes sur le site sont non-contractuelles et peuvent \u00eatre modifi\u00e9es \u00e0 tout moment.<\/p>\n<p><\/p>\n<h4 id=\"liens-hypertextes\" class=\"wp-block-heading\"><strong>Liens hypertextes<\/strong><\/h4>\n<p><\/p>\n<p>Les liens inclus dans d&#8217;autres sites, pointant vers l&#8217;une des pages du site Web du SBIM sont autoris\u00e9s. Ces liens, lorsqu&#8217;ils sont activ\u00e9s doivent ouvrir une nouvelle fen\u00eatre du navigateur permettant une pr\u00e9sentation non \u00e9quivoque, \u00e9vitant ainsi tout risque de confusion entre les deux sites.<\/p>\n<p><\/p>\n<p>Les webmasters du site du SBIM se r\u00e9servent le droit de demander la suppression d\u2019un lien s\u2019ils estiment que le site source ne respecte pas la r\u00e8gle ci-dessus.<\/p>\n<p><\/p>\n<h4 id=\"confidentialite\" class=\"wp-block-heading\"><strong>Confidentialit\u00e9<\/strong><\/h4>\n<p><\/p>\n<p>Les informations trouv\u00e9es dans les pages <a href=\"https:\/\/www.sbim-stlouis.org\/annuaire.php\" data-type=\"URL\" data-id=\"https:\/\/www.sbim-stlouis.org\/annuaire.php\"><mark class=\"has-inline-color has-nv-dark-bg-color\" style=\"background-color: rgba(0, 0, 0, 0);\">&#8220;Annuaire&#8221;<\/mark><\/a>, <a href=\"https:\/\/www.sbim-stlouis.org\/index.php\/publications\/\" data-type=\"URL\" data-id=\"https:\/\/www.sbim-stlouis.org\/index.php\/publications\/\"><mark class=\"has-inline-color has-nv-dark-bg-color\" style=\"background-color: rgba(0, 0, 0, 0);\">&#8220;Publications&#8221;<\/mark><\/a><mark class=\"has-inline-color has-nv-dark-bg-color\" style=\"background-color: rgba(0, 0, 0, 0);\">,<\/mark> <a href=\"https:\/\/www.sbim-stlouis.org\/index.php\/theses\/\" data-type=\"URL\" data-id=\"https:\/\/www.sbim-stlouis.org\/index.php\/theses\/\"><mark class=\"has-inline-color has-nv-dark-bg-color\" style=\"background-color: rgba(0, 0, 0, 0);\">&#8220;Th\u00e8ses&#8221;<\/mark><\/a>, <a href=\"https:\/\/www.sbim-stlouis.org\/index.php\/projets\/\">&#8220;D\u00e9veloppement&#8221;<\/a>, <a href=\"https:\/\/www.sbim-stlouis.org\/liste-metier.php\" data-type=\"URL\" data-id=\"https:\/\/www.sbim-stlouis.org\/liste-metier.php\"><mark class=\"has-inline-color has-nv-dark-bg-color\" style=\"background-color: rgba(0, 0, 0, 0);\">&#8220;M\u00e9tiers&#8221;<\/mark><\/a> et pages personnelles des membres de l\u2019\u00e9quipe sont fournies afin de pouvoir les pr\u00e9senter et les joindre dans le cadre de leurs occupations professionnelles. Chacun dispose d&#8217;un droit d&#8217;acc\u00e8s, de modification, de rectification et de suppression des donn\u00e9es qui le concernerait (art. 34 de la loi fran\u00e7aise &#8220;Informatique et Libert\u00e9s&#8221; du 6 janvier 1978). Il est donc possible, \u00e0 tout moment, de demander que les informations qui vous concerneraient sur ce site soient supprim\u00e9es en le demandant aux webmasters.<\/p>\n<p><\/p>\n<p>Les donn\u00e9es des pages personnelles sont aliment\u00e9es par chacun et ne doivent concern\u00e9es que les occupations professionnelles.<\/p>\n<p><\/p>\n<h4 id=\"gestion-des-cookies\" class=\"wp-block-heading\"><strong><strong>Confidentialit\u00e9<\/strong> DES DONNEES de CONNEXION<\/strong><\/h4>\n<p><\/p>\n<p>Pour suivre notre audience, nous r\u00e9cup\u00e9rons les donn\u00e9es de connexion avec l&#8217;outil Matomo www.matomo.org dont la configuration nous exempte de demander le consentement pour les donn\u00e9es sensibles . En effet, nous n&#8217;enregistrons<\/p>\n<p><\/p>\n<ul class=\"wp-block-list\">\n<li style=\"list-style-type: none;\">\n<ul><\/ul>\n<\/li>\n<\/ul>\n<ul>\n<li style=\"list-style-type: none;\">\n<ul>\n<li>Ni les adresses IP<\/li>\n<\/ul>\n<\/li>\n<\/ul>\n<p><\/p>\n<ul>\n<li style=\"list-style-type: none;\">\n<ul>\n<li>Ni les profils des utilisateurs temps r\u00e9el<\/li>\n<\/ul>\n<\/li>\n<\/ul>\n<p><\/p>\n<ul>\n<li style=\"list-style-type: none;\">\n<ul>\n<li>Ni la carte des visiteurs en temps r\u00e9el<\/li>\n<\/ul>\n<\/li>\n<\/ul>\n<p><\/p>\n<ul>\n<li style=\"list-style-type: none;\">\n<ul>\n<li>Ni le profil des visiteurs<\/li>\n<\/ul>\n<\/li>\n<\/ul>\n<p><\/p>\n<p><\/p>\n<p><code><mark class=\"has-inline-color has-luminous-vivid-orange-color\" style=\"background-color: rgba(0, 0, 0, 0);\"><p id=\"matomo_opted_out_intro\" style=\"display:none;\">Opt-out complete; your visits to this website will not be recorded by the Web Analytics tool. Note that if you clear your cookies, delete the opt-out cookie, or if you change computers or Web browsers, you will need to perform the opt-out procedure again.<\/p><p id=\"matomo_opted_in_intro\" >You may choose to prevent this website from aggregating and analyzing the actions you take here. Doing so will protect your privacy, but will also prevent the owner from learning from your actions and creating a better experience for you and other users.<\/p><form>\n        <input type=\"checkbox\" id=\"matomo_optout_checkbox\" checked=\"checked\"\/>\n        <label for=\"matomo_optout_checkbox\"><strong>\n        <span id=\"matomo_opted_in_label\" >You are not opted out. Uncheck this box to opt-out.<\/span>\n\t\t<span id=\"matomo_opted_out_label\" style=\"display:none;\">You are currently opted out. Check this box to opt-in.<\/span>\n        <\/strong><\/label><\/form><noscript><p><strong style=\"color: #ff0000;\">This opt out feature requires JavaScript.<\/strong><\/p><\/noscript><p id=\"matomo_outout_err_cookies\" style=\"display: none;\"><strong>The tracking opt-out feature requires cookies to be enabled.<\/strong><\/p><\/mark><\/code><\/p>\n<p><\/p>\n<\/div>\n<p><\/p>\n<\/div>\n<p><!-- \/wp:columns --><\/p>\t\t\t\t\t\t\t\t<\/div>\n\t\t\t\t<\/div>\n\t\t\t\t\t<\/div>\n\t\t\t\t<\/div>\n\t\t<div class=\"elementor-element elementor-element-7beb26b e-flex e-con-boxed e-con e-parent\" data-id=\"7beb26b\" data-element_type=\"container\" data-e-type=\"container\">\n\t\t\t\t\t<div class=\"e-con-inner\">\n\t\t\t\t<div class=\"elementor-element elementor-element-926b618 elementor-widget elementor-widget-text-editor\" data-id=\"926b618\" data-element_type=\"widget\" data-e-type=\"widget\" data-widget_type=\"text-editor.default\">\n\t\t\t\t<div class=\"elementor-widget-container\">\n\t\t\t\t\t\t\t\t\t<h2 style=\"text-align: center;\"><strong><strong> Web Master<\/strong><\/strong><\/h2>\n<p>Brigitte Guillon : <a class=\"anti-spam\"> rf.mresni@nolliug.ettigirb <\/a><\/p>\n<p>Corinne Nyanou : <a class=\"anti-spam\"> rf.mresni@uonayn.enniroc <\/a><\/p>\n<p><strong><style>\n.anti-spam {\n  unicode-bidi: bidi-override;\n  direction: rtl;\n  white-space: nowrap;\n}\n<\/style><\/strong><\/p>\t\t\t\t\t\t\t\t<\/div>\n\t\t\t\t<\/div>\n\t\t\t\t\t<\/div>\n\t\t\t\t<\/div>\n\t\t\t\t<\/div>\n\t\t","protected":false},"excerpt":{"rendered":"<p>Plan D\u00e9signation du site Nom du site Web : Service de Biostatistique et Information M\u00e9dicaleAdresse du site Web :\u00a0https:\/\/www.sbim-stlouis.org\/Site Web du Service de Biostatistique et Information m\u00e9dicale situ\u00e9 au 1 [&hellip;]<\/p>\n","protected":false},"author":2,"featured_media":0,"parent":0,"menu_order":0,"comment_status":"closed","ping_status":"closed","template":"","meta":{"_EventAllDay":false,"_EventTimezone":"","_EventStartDate":"","_EventEndDate":"","_EventStartDateUTC":"","_EventEndDateUTC":"","_EventShowMap":false,"_EventShowMapLink":false,"_EventURL":"","_EventCost":"","_EventCostDescription":"","_EventCurrencySymbol":"","_EventCurrencyCode":"","_EventCurrencyPosition":"","_EventDateTimeSeparator":"","_EventTimeRangeSeparator":"","_EventOrganizerID":[],"_EventVenueID":[],"_OrganizerEmail":"","_OrganizerPhone":"","_OrganizerWebsite":"","_VenueAddress":"","_VenueCity":"","_VenueCountry":"","_VenueProvince":"","_VenueState":"","_VenueZip":"","_VenuePhone":"","_VenueURL":"","_VenueStateProvince":"","_VenueLat":"","_VenueLng":"","_VenueShowMap":false,"_VenueShowMapLink":false,"ocean_post_layout":"","ocean_both_sidebars_style":"","ocean_both_sidebars_content_width":0,"ocean_both_sidebars_sidebars_width":0,"ocean_sidebar":"0","ocean_second_sidebar":"0","ocean_disable_margins":"enable","ocean_add_body_class":"","ocean_shortcode_before_top_bar":"","ocean_shortcode_after_top_bar":"","ocean_shortcode_before_header":"","ocean_shortcode_after_header":"","ocean_has_shortcode":"","ocean_shortcode_after_title":"","ocean_shortcode_before_footer_widgets":"","ocean_shortcode_after_footer_widgets":"","ocean_shortcode_before_footer_bottom":"","ocean_shortcode_after_footer_bottom":"","ocean_display_top_bar":"default","ocean_display_header":"default","ocean_header_style":"","ocean_center_header_left_menu":"0","ocean_custom_header_template":"0","ocean_custom_logo":0,"ocean_custom_retina_logo":0,"ocean_custom_logo_max_width":0,"ocean_custom_logo_tablet_max_width":0,"ocean_custom_logo_mobile_max_width":0,"ocean_custom_logo_max_height":0,"ocean_custom_logo_tablet_max_height":0,"ocean_custom_logo_mobile_max_height":0,"ocean_header_custom_menu":"0","ocean_menu_typo_font_family":"0","ocean_menu_typo_font_subset":"","ocean_menu_typo_font_size":0,"ocean_menu_typo_font_size_tablet":0,"ocean_menu_typo_font_size_mobile":0,"ocean_menu_typo_font_size_unit":"px","ocean_menu_typo_font_weight":"","ocean_menu_typo_font_weight_tablet":"","ocean_menu_typo_font_weight_mobile":"","ocean_menu_typo_transform":"","ocean_menu_typo_transform_tablet":"","ocean_menu_typo_transform_mobile":"","ocean_menu_typo_line_height":0,"ocean_menu_typo_line_height_tablet":0,"ocean_menu_typo_line_height_mobile":0,"ocean_menu_typo_line_height_unit":"","ocean_menu_typo_spacing":0,"ocean_menu_typo_spacing_tablet":0,"ocean_menu_typo_spacing_mobile":0,"ocean_menu_typo_spacing_unit":"","ocean_menu_link_color":"","ocean_menu_link_color_hover":"","ocean_menu_link_color_active":"","ocean_menu_link_background":"","ocean_menu_link_hover_background":"","ocean_menu_link_active_background":"","ocean_menu_social_links_bg":"","ocean_menu_social_hover_links_bg":"","ocean_menu_social_links_color":"","ocean_menu_social_hover_links_color":"","ocean_disable_title":"default","ocean_disable_heading":"default","ocean_post_title":"","ocean_post_subheading":"","ocean_post_title_style":"","ocean_post_title_background_color":"","ocean_post_title_background":0,"ocean_post_title_bg_image_position":"","ocean_post_title_bg_image_attachment":"","ocean_post_title_bg_image_repeat":"","ocean_post_title_bg_image_size":"","ocean_post_title_height":0,"ocean_post_title_bg_overlay":0.5,"ocean_post_title_bg_overlay_color":"","ocean_disable_breadcrumbs":"default","ocean_breadcrumbs_color":"","ocean_breadcrumbs_separator_color":"","ocean_breadcrumbs_links_color":"","ocean_breadcrumbs_links_hover_color":"","ocean_display_footer_widgets":"default","ocean_display_footer_bottom":"default","ocean_custom_footer_template":"0","footnotes":""},"class_list":["post-1335","page","type-page","status-publish","hentry","entry"],"_links":{"self":[{"href":"https:\/\/www.sbim-stlouis.org\/index.php\/wp-json\/wp\/v2\/pages\/1335","targetHints":{"allow":["GET"]}}],"collection":[{"href":"https:\/\/www.sbim-stlouis.org\/index.php\/wp-json\/wp\/v2\/pages"}],"about":[{"href":"https:\/\/www.sbim-stlouis.org\/index.php\/wp-json\/wp\/v2\/types\/page"}],"author":[{"embeddable":true,"href":"https:\/\/www.sbim-stlouis.org\/index.php\/wp-json\/wp\/v2\/users\/2"}],"replies":[{"embeddable":true,"href":"https:\/\/www.sbim-stlouis.org\/index.php\/wp-json\/wp\/v2\/comments?post=1335"}],"version-history":[{"count":139,"href":"https:\/\/www.sbim-stlouis.org\/index.php\/wp-json\/wp\/v2\/pages\/1335\/revisions"}],"predecessor-version":[{"id":9405,"href":"https:\/\/www.sbim-stlouis.org\/index.php\/wp-json\/wp\/v2\/pages\/1335\/revisions\/9405"}],"wp:attachment":[{"href":"https:\/\/www.sbim-stlouis.org\/index.php\/wp-json\/wp\/v2\/media?parent=1335"}],"curies":[{"name":"wp","href":"https:\/\/api.w.org\/{rel}","templated":true}]}}