{"id":1188,"date":"2021-09-09T10:01:52","date_gmt":"2021-09-09T10:01:52","guid":{"rendered":"https:\/\/www.sbim-stlouis.org\/?page_id=1188"},"modified":"2023-01-11T11:40:35","modified_gmt":"2023-01-11T09:40:35","slug":"liens-utiles","status":"publish","type":"page","link":"https:\/\/www.sbim-stlouis.org\/index.php\/liens-utiles\/","title":{"rendered":"Liens utiles"},"content":{"rendered":"\n<div class=\"wp-block-columns are-vertically-aligned-center is-not-stacked-on-mobile is-layout-flex wp-container-core-columns-is-layout-9d6595d7 wp-block-columns-is-layout-flex\">\n<div class=\"wp-block-column is-vertically-aligned-center is-layout-flow wp-block-column-is-layout-flow\" style=\"flex-basis:15%\"><div class=\"wp-block-image\">\n<figure class=\"aligncenter size-large\"><img fetchpriority=\"high\" decoding=\"async\" width=\"1024\" height=\"231\" src=\"https:\/\/www.sbim-stlouis.org\/wp-content\/uploads\/2021\/12\/Assistance_publique_-_Ho\u0302pitaux_de_Paris.svg_-1024x231.png\" alt=\"\" class=\"wp-image-2705\" srcset=\"https:\/\/www.sbim-stlouis.org\/wp-content\/uploads\/2021\/12\/Assistance_publique_-_Ho\u0302pitaux_de_Paris.svg_-1024x231.png 1024w, https:\/\/www.sbim-stlouis.org\/wp-content\/uploads\/2021\/12\/Assistance_publique_-_Ho\u0302pitaux_de_Paris.svg_-300x68.png 300w, https:\/\/www.sbim-stlouis.org\/wp-content\/uploads\/2021\/12\/Assistance_publique_-_Ho\u0302pitaux_de_Paris.svg_-768x173.png 768w, https:\/\/www.sbim-stlouis.org\/wp-content\/uploads\/2021\/12\/Assistance_publique_-_Ho\u0302pitaux_de_Paris.svg_.png 1280w\" sizes=\"(max-width: 1024px) 100vw, 1024px\" \/><\/figure>\n<\/div><\/div>\n\n\n\n<div class=\"wp-block-column is-vertically-aligned-center is-layout-flow wp-block-column-is-layout-flow\" style=\"flex-basis:90%\">\n<h4 class=\"wp-block-heading\" id=\"assistance-publique-hopitaux-de-paris\"><a rel=\"noreferrer noopener\" href=\"https:\/\/www.aphp.fr\/\" data-type=\"URL\" data-id=\"https:\/\/www.aphp.fr\/\" target=\"_blank\">Assistance Publique- H\u00f4pitaux de Paris<\/a><\/h4>\n<\/div>\n<\/div>\n\n\n\n<div class=\"wp-block-columns are-vertically-aligned-center is-not-stacked-on-mobile is-layout-flex wp-container-core-columns-is-layout-9d6595d7 wp-block-columns-is-layout-flex\">\n<div class=\"wp-block-column is-vertically-aligned-center is-layout-flow wp-block-column-is-layout-flow\" style=\"flex-basis:15%\"><div class=\"wp-block-image\">\n<figure class=\"aligncenter size-large\"><img decoding=\"async\" width=\"1024\" height=\"326\" src=\"https:\/\/www.sbim-stlouis.org\/wp-content\/uploads\/2021\/12\/u-paris-1024x326.png\" alt=\"\" class=\"wp-image-2730\" srcset=\"https:\/\/www.sbim-stlouis.org\/wp-content\/uploads\/2021\/12\/u-paris-1024x326.png 1024w, https:\/\/www.sbim-stlouis.org\/wp-content\/uploads\/2021\/12\/u-paris-300x96.png 300w, https:\/\/www.sbim-stlouis.org\/wp-content\/uploads\/2021\/12\/u-paris-768x245.png 768w, https:\/\/www.sbim-stlouis.org\/wp-content\/uploads\/2021\/12\/u-paris-1536x489.png 1536w, https:\/\/www.sbim-stlouis.org\/wp-content\/uploads\/2021\/12\/u-paris.png 1667w\" sizes=\"(max-width: 1024px) 100vw, 1024px\" \/><\/figure>\n<\/div><\/div>\n\n\n\n<div class=\"wp-block-column is-vertically-aligned-center is-layout-flow wp-block-column-is-layout-flow\" style=\"flex-basis:90%\">\n<h4 class=\"wp-block-heading\" id=\"universite-de-paris\"><a href=\"https:\/\/u-paris.fr\/\" data-type=\"URL\" data-id=\"https:\/\/u-paris.fr\/\" target=\"_blank\" rel=\"noreferrer noopener\">Universit\u00e9 de Paris<\/a><\/h4>\n<\/div>\n<\/div>\n\n\n\n<div class=\"wp-block-columns are-vertically-aligned-center is-not-stacked-on-mobile is-layout-flex wp-container-core-columns-is-layout-9d6595d7 wp-block-columns-is-layout-flex\">\n<div class=\"wp-block-column is-vertically-aligned-center is-layout-flow wp-block-column-is-layout-flow\" style=\"flex-basis:15%\"><div class=\"wp-block-image\">\n<figure class=\"aligncenter size-full\"><img decoding=\"async\" width=\"512\" height=\"201\" src=\"https:\/\/www.sbim-stlouis.org\/wp-content\/uploads\/2021\/12\/cres.png\" alt=\"\" class=\"wp-image-2710\" srcset=\"https:\/\/www.sbim-stlouis.org\/wp-content\/uploads\/2021\/12\/cres.png 512w, https:\/\/www.sbim-stlouis.org\/wp-content\/uploads\/2021\/12\/cres-300x118.png 300w\" sizes=\"(max-width: 512px) 100vw, 512px\" \/><\/figure>\n<\/div><\/div>\n\n\n\n<div class=\"wp-block-column is-vertically-aligned-center is-layout-flow wp-block-column-is-layout-flow\" style=\"flex-basis:90%\">\n<h4 class=\"wp-block-heading\" id=\"centre-de-recherche-en-epidemiologie-et-statistiques\"><a rel=\"noreferrer noopener\" href=\"https:\/\/cress-umr1153.fr\/\" data-type=\"URL\" target=\"_blank\">Centre de Recherche en Epid\u00e9miologie et Statistiques<\/a><\/h4>\n<\/div>\n<\/div>\n\n\n\n<div class=\"wp-block-columns are-vertically-aligned-center is-not-stacked-on-mobile is-layout-flex wp-container-core-columns-is-layout-9d6595d7 wp-block-columns-is-layout-flex\">\n<div class=\"wp-block-column is-vertically-aligned-center is-layout-flow wp-block-column-is-layout-flow\" style=\"flex-basis:15%\"><div class=\"wp-block-image\">\n<figure class=\"aligncenter size-large\"><img loading=\"lazy\" decoding=\"async\" width=\"1024\" height=\"256\" src=\"https:\/\/www.sbim-stlouis.org\/wp-content\/uploads\/2021\/12\/inserm-1024x256.png\" alt=\"\" class=\"wp-image-2702\" srcset=\"https:\/\/www.sbim-stlouis.org\/wp-content\/uploads\/2021\/12\/inserm-1024x256.png 1024w, https:\/\/www.sbim-stlouis.org\/wp-content\/uploads\/2021\/12\/inserm-300x75.png 300w, https:\/\/www.sbim-stlouis.org\/wp-content\/uploads\/2021\/12\/inserm-768x192.png 768w, https:\/\/www.sbim-stlouis.org\/wp-content\/uploads\/2021\/12\/inserm.png 1280w\" sizes=\"(max-width: 1024px) 100vw, 1024px\" \/><\/figure>\n<\/div><\/div>\n\n\n\n<div class=\"wp-block-column is-vertically-aligned-center is-layout-flow wp-block-column-is-layout-flow\" style=\"flex-basis:90%\">\n<h4 class=\"wp-block-heading\" id=\"institut-national-de-sante-et-recherche-medicale\"><a rel=\"noreferrer noopener\" href=\"https:\/\/www.inserm.fr\/\" data-type=\"URL\" data-id=\"https:\/\/www.inserm.fr\/\" target=\"_blank\">Institut National de Sant\u00e9 et Recherche M\u00e9dicale<\/a><\/h4>\n<\/div>\n<\/div>\n\n\n\n<div class=\"wp-block-columns are-vertically-aligned-center is-not-stacked-on-mobile is-layout-flex wp-container-core-columns-is-layout-9d6595d7 wp-block-columns-is-layout-flex\">\n<div class=\"wp-block-column is-vertically-aligned-center is-layout-flow wp-block-column-is-layout-flow\" style=\"flex-basis:15%\"><div class=\"wp-block-image\">\n<figure class=\"aligncenter size-full is-resized\"><img loading=\"lazy\" decoding=\"async\" src=\"https:\/\/www.sbim-stlouis.org\/wp-content\/uploads\/2021\/12\/GFM.png\" alt=\"\" class=\"wp-image-2671\" width=\"87\" height=\"64\"\/><\/figure>\n<\/div><\/div>\n\n\n\n<div class=\"wp-block-column is-vertically-aligned-center is-layout-flow wp-block-column-is-layout-flow\" style=\"flex-basis:90%\">\n<h4 class=\"wp-block-heading\" id=\"groupe-francophone-des-myelodysplasies\"><a rel=\"noreferrer noopener\" href=\"http:\/\/www.gfmgroup.org\/\" data-type=\"URL\" data-id=\"http:\/\/www.gfmgroup.org\/\" target=\"_blank\">Groupe Francophone des My\u00e9lodysplasies<\/a><\/h4>\n<\/div>\n<\/div>\n\n\n\n<div class=\"wp-block-columns are-vertically-aligned-center is-not-stacked-on-mobile is-layout-flex wp-container-core-columns-is-layout-9d6595d7 wp-block-columns-is-layout-flex\">\n<div class=\"wp-block-column is-vertically-aligned-center is-layout-flow wp-block-column-is-layout-flow\" style=\"flex-basis:15%\"><div class=\"wp-block-image\">\n<figure class=\"aligncenter size-full is-resized\"><img loading=\"lazy\" decoding=\"async\" src=\"https:\/\/www.sbim-stlouis.org\/wp-content\/uploads\/2021\/12\/ifm.jpeg\" alt=\"\" class=\"wp-image-2686\" width=\"128\" height=\"128\" srcset=\"https:\/\/www.sbim-stlouis.org\/wp-content\/uploads\/2021\/12\/ifm.jpeg 512w, https:\/\/www.sbim-stlouis.org\/wp-content\/uploads\/2021\/12\/ifm-300x300.jpeg 300w, https:\/\/www.sbim-stlouis.org\/wp-content\/uploads\/2021\/12\/ifm-150x150.jpeg 150w\" sizes=\"(max-width: 128px) 100vw, 128px\" \/><\/figure>\n<\/div><\/div>\n\n\n\n<div class=\"wp-block-column is-vertically-aligned-center is-layout-flow wp-block-column-is-layout-flow\" style=\"flex-basis:90%\">\n<h4 class=\"wp-block-heading\" id=\"institut-francophone-du-myelome\"><a rel=\"noreferrer noopener\" href=\"https:\/\/www.myelome.fr\/\" data-type=\"URL\" data-id=\"https:\/\/www.myelome.fr\/\" target=\"_blank\">Institut Francophone du My\u00e9lome<\/a><\/h4>\n<\/div>\n<\/div>\n\n\n\n<div class=\"wp-block-columns are-vertically-aligned-center is-not-stacked-on-mobile is-layout-flex wp-container-core-columns-is-layout-9d6595d7 wp-block-columns-is-layout-flex\">\n<div class=\"wp-block-column is-vertically-aligned-center is-layout-flow wp-block-column-is-layout-flow\" style=\"flex-basis:15%\"><div class=\"wp-block-image\">\n<figure class=\"aligncenter size-full is-resized\"><img loading=\"lazy\" decoding=\"async\" src=\"https:\/\/www.sbim-stlouis.org\/wp-content\/uploads\/2021\/12\/unicancer.png\" alt=\"\" class=\"wp-image-2690\" width=\"170\" height=\"74\" srcset=\"https:\/\/www.sbim-stlouis.org\/wp-content\/uploads\/2021\/12\/unicancer.png 340w, https:\/\/www.sbim-stlouis.org\/wp-content\/uploads\/2021\/12\/unicancer-300x131.png 300w\" sizes=\"(max-width: 170px) 100vw, 170px\" \/><\/figure>\n<\/div><\/div>\n\n\n\n<div class=\"wp-block-column is-vertically-aligned-center is-layout-flow wp-block-column-is-layout-flow\" style=\"flex-basis:90%\">\n<h4 class=\"wp-block-heading\" id=\"unicancer\"><a rel=\"noreferrer noopener\" href=\"http:\/\/www.unicancer.fr\/\" data-type=\"URL\" data-id=\"http:\/\/www.unicancer.fr\/\" target=\"_blank\">Unicancer<\/a><\/h4>\n<\/div>\n<\/div>\n\n\n\n<div class=\"wp-block-columns are-vertically-aligned-center is-not-stacked-on-mobile is-layout-flex wp-container-core-columns-is-layout-9d6595d7 wp-block-columns-is-layout-flex\">\n<div class=\"wp-block-column is-vertically-aligned-center is-layout-flow wp-block-column-is-layout-flow\" style=\"flex-basis:15%\"><div class=\"wp-block-image\">\n<figure class=\"aligncenter size-full\"><img loading=\"lazy\" decoding=\"async\" width=\"318\" height=\"159\" src=\"https:\/\/www.sbim-stlouis.org\/wp-content\/uploads\/2021\/12\/inca.png\" alt=\"\" class=\"wp-image-2696\" srcset=\"https:\/\/www.sbim-stlouis.org\/wp-content\/uploads\/2021\/12\/inca.png 318w, https:\/\/www.sbim-stlouis.org\/wp-content\/uploads\/2021\/12\/inca-300x150.png 300w\" sizes=\"(max-width: 318px) 100vw, 318px\" \/><\/figure>\n<\/div><\/div>\n\n\n\n<div class=\"wp-block-column is-vertically-aligned-center is-layout-flow wp-block-column-is-layout-flow\" style=\"flex-basis:90%\">\n<h4 class=\"wp-block-heading\" id=\"unicancer\"><a href=\"https:\/\/www.e-cancer.fr\/\" data-type=\"URL\" data-id=\"https:\/\/www.e-cancer.fr\/\" target=\"_blank\" rel=\"noreferrer noopener\"><a rel=\"noreferrer noopener\" href=\"https:\/\/www.e-cancer.fr\/\" data-type=\"URL\" data-id=\"https:\/\/www.e-cancer.fr\/\" target=\"_blank\">INCA<\/a><\/a><\/h4>\n<\/div>\n<\/div>\n\n\n\n<div class=\"wp-block-columns are-vertically-aligned-center is-not-stacked-on-mobile is-layout-flex wp-container-core-columns-is-layout-9d6595d7 wp-block-columns-is-layout-flex\">\n<div class=\"wp-block-column is-vertically-aligned-center is-layout-flow wp-block-column-is-layout-flow\" style=\"flex-basis:15%\"><div class=\"wp-block-image\">\n<figure class=\"aligncenter size-full\"><img loading=\"lazy\" decoding=\"async\" width=\"326\" height=\"155\" src=\"https:\/\/www.sbim-stlouis.org\/wp-content\/uploads\/2021\/12\/getaid.png\" alt=\"\" class=\"wp-image-2699\" srcset=\"https:\/\/www.sbim-stlouis.org\/wp-content\/uploads\/2021\/12\/getaid.png 326w, https:\/\/www.sbim-stlouis.org\/wp-content\/uploads\/2021\/12\/getaid-300x143.png 300w\" sizes=\"(max-width: 326px) 100vw, 326px\" \/><\/figure>\n<\/div><\/div>\n\n\n\n<div class=\"wp-block-column is-vertically-aligned-center is-layout-flow wp-block-column-is-layout-flow\" style=\"flex-basis:90%\">\n<h4 class=\"wp-block-heading\" id=\"groupe-d-etude-therapeutique-des-affections-inflammatoires-du-tube-digestif\"><a rel=\"noreferrer noopener\" href=\"https:\/\/www.getaid.org\/\" data-type=\"URL\" data-id=\"https:\/\/www.getaid.org\/\" target=\"_blank\">Groupe d&#8217;\u00e9tude Th\u00e9rapeutique des Affections Inflammatoires du Tube Digestif<\/a> <\/h4>\n\n\n\n<p><\/p>\n<\/div>\n<\/div>\n\n\n\n<div class=\"wp-block-columns are-vertically-aligned-center is-not-stacked-on-mobile is-layout-flex wp-container-core-columns-is-layout-9d6595d7 wp-block-columns-is-layout-flex\">\n<div class=\"wp-block-column is-vertically-aligned-center is-layout-flow wp-block-column-is-layout-flow\" style=\"flex-basis:15%\"><div class=\"wp-block-image\">\n<figure class=\"aligncenter size-full\"><img loading=\"lazy\" decoding=\"async\" width=\"464\" height=\"193\" src=\"https:\/\/www.sbim-stlouis.org\/wp-content\/uploads\/2021\/12\/alfa.png\" alt=\"\" class=\"wp-image-2708\" srcset=\"https:\/\/www.sbim-stlouis.org\/wp-content\/uploads\/2021\/12\/alfa.png 464w, https:\/\/www.sbim-stlouis.org\/wp-content\/uploads\/2021\/12\/alfa-300x125.png 300w\" sizes=\"(max-width: 464px) 100vw, 464px\" \/><\/figure>\n<\/div><\/div>\n\n\n\n<div class=\"wp-block-column is-vertically-aligned-center is-layout-flow wp-block-column-is-layout-flow\" style=\"flex-basis:90%\">\n<h4 class=\"wp-block-heading\" id=\"acute-leukemia-french-association\"><a rel=\"noreferrer noopener\" href=\"http:\/\/www.alfa-leukemia.org\/fr\" data-type=\"URL\" target=\"_blank\">Acute Leukemia French Association<\/a><\/h4>\n\n\n\n<p><\/p>\n<\/div>\n<\/div>\n","protected":false},"excerpt":{"rendered":"<p>Assistance Publique- H\u00f4pitaux de Paris Universit\u00e9 de Paris Centre de Recherche en Epid\u00e9miologie et Statistiques Institut National de Sant\u00e9 et Recherche M\u00e9dicale Groupe Francophone des My\u00e9lodysplasies Institut Francophone du My\u00e9lome [&hellip;]<\/p>\n","protected":false},"author":1,"featured_media":0,"parent":0,"menu_order":0,"comment_status":"closed","ping_status":"closed","template":"","meta":{"_EventAllDay":false,"_EventTimezone":"","_EventStartDate":"","_EventEndDate":"","_EventStartDateUTC":"","_EventEndDateUTC":"","_EventShowMap":false,"_EventShowMapLink":false,"_EventURL":"","_EventCost":"","_EventCostDescription":"","_EventCurrencySymbol":"","_EventCurrencyCode":"","_EventCurrencyPosition":"","_EventDateTimeSeparator":"","_EventTimeRangeSeparator":"","_EventOrganizerID":[],"_EventVenueID":[],"_OrganizerEmail":"","_OrganizerPhone":"","_OrganizerWebsite":"","_VenueAddress":"","_VenueCity":"","_VenueCountry":"","_VenueProvince":"","_VenueState":"","_VenueZip":"","_VenuePhone":"","_VenueURL":"","_VenueStateProvince":"","_VenueLat":"","_VenueLng":"","_VenueShowMap":false,"_VenueShowMapLink":false,"ocean_post_layout":"","ocean_both_sidebars_style":"","ocean_both_sidebars_content_width":0,"ocean_both_sidebars_sidebars_width":0,"ocean_sidebar":"0","ocean_second_sidebar":"0","ocean_disable_margins":"enable","ocean_add_body_class":"","ocean_shortcode_before_top_bar":"","ocean_shortcode_after_top_bar":"","ocean_shortcode_before_header":"","ocean_shortcode_after_header":"","ocean_has_shortcode":"","ocean_shortcode_after_title":"","ocean_shortcode_before_footer_widgets":"","ocean_shortcode_after_footer_widgets":"","ocean_shortcode_before_footer_bottom":"","ocean_shortcode_after_footer_bottom":"","ocean_display_top_bar":"default","ocean_display_header":"default","ocean_header_style":"","ocean_center_header_left_menu":"0","ocean_custom_header_template":"0","ocean_custom_logo":0,"ocean_custom_retina_logo":0,"ocean_custom_logo_max_width":0,"ocean_custom_logo_tablet_max_width":0,"ocean_custom_logo_mobile_max_width":0,"ocean_custom_logo_max_height":0,"ocean_custom_logo_tablet_max_height":0,"ocean_custom_logo_mobile_max_height":0,"ocean_header_custom_menu":"0","ocean_menu_typo_font_family":"0","ocean_menu_typo_font_subset":"","ocean_menu_typo_font_size":0,"ocean_menu_typo_font_size_tablet":0,"ocean_menu_typo_font_size_mobile":0,"ocean_menu_typo_font_size_unit":"px","ocean_menu_typo_font_weight":"","ocean_menu_typo_font_weight_tablet":"","ocean_menu_typo_font_weight_mobile":"","ocean_menu_typo_transform":"","ocean_menu_typo_transform_tablet":"","ocean_menu_typo_transform_mobile":"","ocean_menu_typo_line_height":0,"ocean_menu_typo_line_height_tablet":0,"ocean_menu_typo_line_height_mobile":0,"ocean_menu_typo_line_height_unit":"","ocean_menu_typo_spacing":0,"ocean_menu_typo_spacing_tablet":0,"ocean_menu_typo_spacing_mobile":0,"ocean_menu_typo_spacing_unit":"","ocean_menu_link_color":"","ocean_menu_link_color_hover":"","ocean_menu_link_color_active":"","ocean_menu_link_background":"","ocean_menu_link_hover_background":"","ocean_menu_link_active_background":"","ocean_menu_social_links_bg":"","ocean_menu_social_hover_links_bg":"","ocean_menu_social_links_color":"","ocean_menu_social_hover_links_color":"","ocean_disable_title":"default","ocean_disable_heading":"default","ocean_post_title":"","ocean_post_subheading":"","ocean_post_title_style":"","ocean_post_title_background_color":"","ocean_post_title_background":0,"ocean_post_title_bg_image_position":"","ocean_post_title_bg_image_attachment":"","ocean_post_title_bg_image_repeat":"","ocean_post_title_bg_image_size":"","ocean_post_title_height":0,"ocean_post_title_bg_overlay":0.5,"ocean_post_title_bg_overlay_color":"","ocean_disable_breadcrumbs":"default","ocean_breadcrumbs_color":"","ocean_breadcrumbs_separator_color":"","ocean_breadcrumbs_links_color":"","ocean_breadcrumbs_links_hover_color":"","ocean_display_footer_widgets":"default","ocean_display_footer_bottom":"default","ocean_custom_footer_template":"0","footnotes":""},"class_list":["post-1188","page","type-page","status-publish","hentry","entry"],"_links":{"self":[{"href":"https:\/\/www.sbim-stlouis.org\/index.php\/wp-json\/wp\/v2\/pages\/1188","targetHints":{"allow":["GET"]}}],"collection":[{"href":"https:\/\/www.sbim-stlouis.org\/index.php\/wp-json\/wp\/v2\/pages"}],"about":[{"href":"https:\/\/www.sbim-stlouis.org\/index.php\/wp-json\/wp\/v2\/types\/page"}],"author":[{"embeddable":true,"href":"https:\/\/www.sbim-stlouis.org\/index.php\/wp-json\/wp\/v2\/users\/1"}],"replies":[{"embeddable":true,"href":"https:\/\/www.sbim-stlouis.org\/index.php\/wp-json\/wp\/v2\/comments?post=1188"}],"version-history":[{"count":39,"href":"https:\/\/www.sbim-stlouis.org\/index.php\/wp-json\/wp\/v2\/pages\/1188\/revisions"}],"predecessor-version":[{"id":6845,"href":"https:\/\/www.sbim-stlouis.org\/index.php\/wp-json\/wp\/v2\/pages\/1188\/revisions\/6845"}],"wp:attachment":[{"href":"https:\/\/www.sbim-stlouis.org\/index.php\/wp-json\/wp\/v2\/media?parent=1188"}],"curies":[{"name":"wp","href":"https:\/\/api.w.org\/{rel}","templated":true}]}}